{"id":774,"date":"2018-01-15T15:05:39","date_gmt":"2018-01-15T14:05:39","guid":{"rendered":"https:\/\/biblioteca.blanes.cat\/salajove\/?page_id=774"},"modified":"2025-09-25T10:21:53","modified_gmt":"2025-09-25T09:21:53","slug":"club-jocs-taula","status":"publish","type":"page","link":"https:\/\/biblioteca.blanes.cat\/salajove\/club-jocs-taula\/","title":{"rendered":"CLUB JOCS DE TAULA"},"content":{"rendered":"<h2 style=\"text-align: center;\">Practica habilitats personals i socials amb el joc<\/h2>\n<p style=\"text-align: justify;\">El Club de Jocs de Taula \u00e9s una activitat que organitza la Biblioteca conjuntament amb l&#8217;Ivan Caimel, aficionat als jocs de taula.<\/p>\n<p style=\"text-align: justify;\">L&#8217;objectiu d&#8217;aquest club \u00e9s aprendre eines pr\u00e0ctiques de desenvolupament personal i habilitats socials d&#8217;una manera l\u00fadica i divertida a trav\u00e9s dels jocs de taula i la gamificaci\u00f3 (<em>proc\u00e9s d\u2019utilitzar mec\u00e0niques de joc per incentivar la motivaci\u00f3 i els desitjos<\/em><em>naturals de les persones)<\/em>.<\/p>\n<p>Entre d&#8217;altres compet\u00e8ncies, es treballen:<\/p>\n<table class=\" aligncenter\" style=\"background-color: #00b386; width: 525px; height: 282px; color: white;\">\n<tbody>\n<tr>\n<td style=\"width: 254.033px; text-align: center; vertical-align: middle; color: white;\">\n<h4>ESTRAT\u00c8GIA<\/h4>\n<h4>NEGOCIACI\u00d3<\/h4>\n<\/td>\n<td style=\"width: 255.467px; text-align: center; vertical-align: middle; color: white;\">\n<h4>COMUNICACI\u00d3 ASSERTIVA<\/h4>\n<\/td>\n<\/tr>\n<tr>\n<td style=\"width: 254.033px; text-align: center; vertical-align: middle; color: white;\">\n<h4>ESCOLTA ACTIVA<\/h4>\n<h4>AGILITAT MENTAL<\/h4>\n<h4>CONCENTRACI\u00d3<\/h4>\n<\/td>\n<td style=\"width: 255.467px; height: 150px; text-align: center; vertical-align: middle; color: white;\">\n<h4>TREBALL EN EQUIP<\/h4>\n<h4>LIDERATGE<\/h4>\n<\/td>\n<\/tr>\n<\/tbody>\n<\/table>\n<h4><\/h4>\n<p>Aquests s\u00f3n alguns dels jocs als que ja hem jugat. Tu tamb\u00e9 podr\u00e0s proposar-ne d\u2019altres:<\/p>\n<p style=\"text-align: justify;\"><em>Carcassonne \u2013 Catan \u2013 Ikonikus \u2013 Virus \u2013 Fantasma \u2013 L\u2019Illa prohibida \u2013 Un imperi en 8 minuts \u2013 Port Royal &#8211; Rummy \u2013 El portero Baldomero \u2013 Los hombres-lobo de Castronegro \u2013 Mix-it \u2013 Piratas<\/em><\/p>\n<blockquote><p><strong>Inscripcions al tel\u00e8fon 682 918 112\u00a0 a <a href=\"mailto:jocsdetaulablanes@gmail.com\">jocsdetaulablanes@gmail.com<\/a><\/strong>. Hi heu de fer constar nom i cognoms, tel\u00e8fon i\/o email de contacte i data de naixement. Heu de tenir el carnet de la biblioteca.<\/p><\/blockquote>\n<p><strong>SESSIONS SETEMBRE-DESEMBRE:<\/strong><\/p>\n<ul style=\"list-style-type: disc;\">\n<li>Dimarts 7 i 28 d\u2019octubre: de les 18.00 a les 20.00 h<\/li>\n<li>Dissabte 22 de novembre: de les 11.00 a les 13.00 h<\/li>\n<li>Dilluns 1, dimarts 16 i dilluns 22 de desembre: de les 18.00 a les 20.00 h<\/li>\n<\/ul>\n<p style=\"text-align: center;\"><a href=\"https:\/\/www.facebook.com\/JocsdeTaulaBlanes\/\" target=\"_blank\" rel=\"noopener noreferrer\">@JocsdeTaulaBlanes<\/a><\/p>\n<h2 style=\"text-align: center;\"><a href=\"https:\/\/biblioteca.blanes.cat\/salajove\/category\/club-de-jocs-de-taula\/\"><img decoding=\"async\" class=\"aligncenter wp-image-4376 size-medium\" src=\"https:\/\/biblioteca.blanes.cat\/salajove\/wp-content\/uploads\/sites\/3\/2020\/09\/2020-Club-de-Jocs-de-Taula-cartell-4rt-Trim-1-1-2-300x158.jpg\" alt=\"\" width=\"300\" height=\"158\" srcset=\"https:\/\/biblioteca.blanes.cat\/salajove\/wp-content\/uploads\/sites\/3\/2020\/09\/2020-Club-de-Jocs-de-Taula-cartell-4rt-Trim-1-1-2-300x158.jpg 300w, https:\/\/biblioteca.blanes.cat\/salajove\/wp-content\/uploads\/sites\/3\/2020\/09\/2020-Club-de-Jocs-de-Taula-cartell-4rt-Trim-1-1-2-768x405.jpg 768w, https:\/\/biblioteca.blanes.cat\/salajove\/wp-content\/uploads\/sites\/3\/2020\/09\/2020-Club-de-Jocs-de-Taula-cartell-4rt-Trim-1-1-2.jpg 1008w\" sizes=\"(max-width: 300px) 100vw, 300px\" \/><\/a><\/h2>\n<h2 style=\"text-align: center;\"><a href=\"http:\/\/www.blanes.cat\/biblioteca\" target=\"_blank\" rel=\"noopener noreferrer\">Biblioteca Roberto Bola\u00f1o de Blanes<\/a> \u2013 <a href=\"http:\/\/biblioteca.blanes.cat\/salajove\">Sala Jove<\/a> \u2013 <a href=\"https:\/\/biblioteca.blanes.cat\/salajove\/tag\/club-de-jocs-de-taula\/\" target=\"_blank\" rel=\"noopener noreferrer\">#Clubdejocsdetaula<\/a><\/h2>\n<h2 style=\"text-align: center;\"><\/h2>\n","protected":false},"excerpt":{"rendered":"<p>Practica habilitats personals i socials amb el joc El Club de Jocs de Taula \u00e9s una activitat que organitza la Biblioteca conjuntament amb l&#8217;Ivan Caimel, aficionat als jocs de taula. L&#8217;objectiu d&#8217;aquest club \u00e9s aprendre eines pr\u00e0ctiques de desenvolupament personal<\/p>\n","protected":false},"author":4,"featured_media":0,"parent":0,"menu_order":0,"comment_status":"closed","ping_status":"closed","template":"","meta":{"sfsi_plus_gutenberg_text_before_share":"","sfsi_plus_gutenberg_show_text_before_share":"","sfsi_plus_gutenberg_icon_type":"","sfsi_plus_gutenberg_icon_alignemt":"","sfsi_plus_gutenburg_max_per_row":"","footnotes":""},"class_list":["post-774","page","type-page","status-publish","hentry"],"yoast_head":"<!-- This site is optimized with the Yoast SEO plugin v27.5 - https:\/\/yoast.com\/product\/yoast-seo-wordpress\/ -->\n<title>CLUB JOCS DE TAULA - Sala Jove<\/title>\n<meta name=\"robots\" content=\"index, follow, max-snippet:-1, max-image-preview:large, max-video-preview:-1\" \/>\n<link rel=\"canonical\" href=\"https:\/\/biblioteca.blanes.cat\/salajove\/club-jocs-taula\/\" \/>\n<meta property=\"og:locale\" content=\"ca_ES\" \/>\n<meta property=\"og:type\" content=\"article\" \/>\n<meta property=\"og:title\" content=\"CLUB JOCS DE TAULA - Sala Jove\" \/>\n<meta property=\"og:description\" content=\"Practica habilitats personals i socials amb el joc El Club de Jocs de Taula \u00e9s una activitat que organitza la Biblioteca conjuntament amb l&#8217;Ivan Caimel, aficionat als jocs de taula. L&#8217;objectiu d&#8217;aquest club \u00e9s aprendre eines pr\u00e0ctiques de desenvolupament personal\" \/>\n<meta property=\"og:url\" content=\"https:\/\/biblioteca.blanes.cat\/salajove\/club-jocs-taula\/\" \/>\n<meta property=\"og:site_name\" content=\"Sala Jove\" \/>\n<meta property=\"article:publisher\" content=\"https:\/\/www.facebook.com\/BilbiotecaComarcaldeBlanes\/\" \/>\n<meta property=\"article:modified_time\" content=\"2025-09-25T09:21:53+00:00\" \/>\n<meta property=\"og:image\" content=\"https:\/\/biblioteca.blanes.cat\/salajove\/wp-content\/uploads\/sites\/3\/2020\/09\/2020-Club-de-Jocs-de-Taula-cartell-4rt-Trim-1-1-2-300x158.jpg\" \/>\n<meta name=\"twitter:card\" content=\"summary_large_image\" \/>\n<meta name=\"twitter:site\" content=\"@BiblioBlanes\" \/>\n<meta name=\"twitter:label1\" content=\"Temps estimat de lectura\" \/>\n\t<meta name=\"twitter:data1\" content=\"2 minuts\" \/>\n<script type=\"application\/ld+json\" class=\"yoast-schema-graph\">{\"@context\":\"https:\\\/\\\/schema.org\",\"@graph\":[{\"@type\":\"WebPage\",\"@id\":\"https:\\\/\\\/biblioteca.blanes.cat\\\/salajove\\\/club-jocs-taula\\\/\",\"url\":\"https:\\\/\\\/biblioteca.blanes.cat\\\/salajove\\\/club-jocs-taula\\\/\",\"name\":\"CLUB JOCS DE TAULA - Sala Jove\",\"isPartOf\":{\"@id\":\"https:\\\/\\\/biblioteca.blanes.cat\\\/salajove\\\/#website\"},\"primaryImageOfPage\":{\"@id\":\"https:\\\/\\\/biblioteca.blanes.cat\\\/salajove\\\/club-jocs-taula\\\/#primaryimage\"},\"image\":{\"@id\":\"https:\\\/\\\/biblioteca.blanes.cat\\\/salajove\\\/club-jocs-taula\\\/#primaryimage\"},\"thumbnailUrl\":\"https:\\\/\\\/biblioteca.blanes.cat\\\/salajove\\\/wp-content\\\/uploads\\\/sites\\\/3\\\/2020\\\/09\\\/2020-Club-de-Jocs-de-Taula-cartell-4rt-Trim-1-1-2-300x158.jpg\",\"datePublished\":\"2018-01-15T14:05:39+00:00\",\"dateModified\":\"2025-09-25T09:21:53+00:00\",\"breadcrumb\":{\"@id\":\"https:\\\/\\\/biblioteca.blanes.cat\\\/salajove\\\/club-jocs-taula\\\/#breadcrumb\"},\"inLanguage\":\"ca\",\"potentialAction\":[{\"@type\":\"ReadAction\",\"target\":[\"https:\\\/\\\/biblioteca.blanes.cat\\\/salajove\\\/club-jocs-taula\\\/\"]}]},{\"@type\":\"ImageObject\",\"inLanguage\":\"ca\",\"@id\":\"https:\\\/\\\/biblioteca.blanes.cat\\\/salajove\\\/club-jocs-taula\\\/#primaryimage\",\"url\":\"https:\\\/\\\/biblioteca.blanes.cat\\\/salajove\\\/wp-content\\\/uploads\\\/sites\\\/3\\\/2020\\\/09\\\/2020-Club-de-Jocs-de-Taula-cartell-4rt-Trim-1-1-2.jpg\",\"contentUrl\":\"https:\\\/\\\/biblioteca.blanes.cat\\\/salajove\\\/wp-content\\\/uploads\\\/sites\\\/3\\\/2020\\\/09\\\/2020-Club-de-Jocs-de-Taula-cartell-4rt-Trim-1-1-2.jpg\",\"width\":1008,\"height\":532},{\"@type\":\"BreadcrumbList\",\"@id\":\"https:\\\/\\\/biblioteca.blanes.cat\\\/salajove\\\/club-jocs-taula\\\/#breadcrumb\",\"itemListElement\":[{\"@type\":\"ListItem\",\"position\":1,\"name\":\"Inici\",\"item\":\"https:\\\/\\\/biblioteca.blanes.cat\\\/salajove\\\/\"},{\"@type\":\"ListItem\",\"position\":2,\"name\":\"CLUB JOCS DE TAULA\"}]},{\"@type\":\"WebSite\",\"@id\":\"https:\\\/\\\/biblioteca.blanes.cat\\\/salajove\\\/#website\",\"url\":\"https:\\\/\\\/biblioteca.blanes.cat\\\/salajove\\\/\",\"name\":\"Sala Jove\",\"description\":\"Biblioteca Comarcal de Blanes\",\"publisher\":{\"@id\":\"https:\\\/\\\/biblioteca.blanes.cat\\\/salajove\\\/#organization\"},\"potentialAction\":[{\"@type\":\"SearchAction\",\"target\":{\"@type\":\"EntryPoint\",\"urlTemplate\":\"https:\\\/\\\/biblioteca.blanes.cat\\\/salajove\\\/?s={search_term_string}\"},\"query-input\":{\"@type\":\"PropertyValueSpecification\",\"valueRequired\":true,\"valueName\":\"search_term_string\"}}],\"inLanguage\":\"ca\"},{\"@type\":\"Organization\",\"@id\":\"https:\\\/\\\/biblioteca.blanes.cat\\\/salajove\\\/#organization\",\"name\":\"Biblioteca Comarcal de Blanes\",\"url\":\"https:\\\/\\\/biblioteca.blanes.cat\\\/salajove\\\/\",\"logo\":{\"@type\":\"ImageObject\",\"inLanguage\":\"ca\",\"@id\":\"https:\\\/\\\/biblioteca.blanes.cat\\\/salajove\\\/#\\\/schema\\\/logo\\\/image\\\/\",\"url\":\"https:\\\/\\\/biblioteca.blanes.cat\\\/salajove\\\/wp-content\\\/uploads\\\/sites\\\/3\\\/2017\\\/09\\\/cropped-Bib-blau-e1518869380535.png\",\"contentUrl\":\"https:\\\/\\\/biblioteca.blanes.cat\\\/salajove\\\/wp-content\\\/uploads\\\/sites\\\/3\\\/2017\\\/09\\\/cropped-Bib-blau-e1518869380535.png\",\"width\":166,\"height\":166,\"caption\":\"Biblioteca Comarcal de Blanes\"},\"image\":{\"@id\":\"https:\\\/\\\/biblioteca.blanes.cat\\\/salajove\\\/#\\\/schema\\\/logo\\\/image\\\/\"},\"sameAs\":[\"https:\\\/\\\/www.facebook.com\\\/BilbiotecaComarcaldeBlanes\\\/\",\"https:\\\/\\\/x.com\\\/BiblioBlanes\",\"https:\\\/\\\/www.instagram.com\\\/biblioblanes\\\/\",\"https:\\\/\\\/www.pinterest.es\\\/bblanes\\\/\",\"https:\\\/\\\/www.youtube.com\\\/c\\\/BibliotecaComarcalBlanes\"]}]}<\/script>\n<!-- \/ Yoast SEO plugin. -->","yoast_head_json":{"title":"CLUB JOCS DE TAULA - Sala Jove","robots":{"index":"index","follow":"follow","max-snippet":"max-snippet:-1","max-image-preview":"max-image-preview:large","max-video-preview":"max-video-preview:-1"},"canonical":"https:\/\/biblioteca.blanes.cat\/salajove\/club-jocs-taula\/","og_locale":"ca_ES","og_type":"article","og_title":"CLUB JOCS DE TAULA - Sala Jove","og_description":"Practica habilitats personals i socials amb el joc El Club de Jocs de Taula \u00e9s una activitat que organitza la Biblioteca conjuntament amb l&#8217;Ivan Caimel, aficionat als jocs de taula. L&#8217;objectiu d&#8217;aquest club \u00e9s aprendre eines pr\u00e0ctiques de desenvolupament personal","og_url":"https:\/\/biblioteca.blanes.cat\/salajove\/club-jocs-taula\/","og_site_name":"Sala Jove","article_publisher":"https:\/\/www.facebook.com\/BilbiotecaComarcaldeBlanes\/","article_modified_time":"2025-09-25T09:21:53+00:00","og_image":[{"url":"https:\/\/biblioteca.blanes.cat\/salajove\/wp-content\/uploads\/sites\/3\/2020\/09\/2020-Club-de-Jocs-de-Taula-cartell-4rt-Trim-1-1-2-300x158.jpg","type":"","width":"","height":""}],"twitter_card":"summary_large_image","twitter_site":"@BiblioBlanes","twitter_misc":{"Temps estimat de lectura":"2 minuts"},"schema":{"@context":"https:\/\/schema.org","@graph":[{"@type":"WebPage","@id":"https:\/\/biblioteca.blanes.cat\/salajove\/club-jocs-taula\/","url":"https:\/\/biblioteca.blanes.cat\/salajove\/club-jocs-taula\/","name":"CLUB JOCS DE TAULA - Sala Jove","isPartOf":{"@id":"https:\/\/biblioteca.blanes.cat\/salajove\/#website"},"primaryImageOfPage":{"@id":"https:\/\/biblioteca.blanes.cat\/salajove\/club-jocs-taula\/#primaryimage"},"image":{"@id":"https:\/\/biblioteca.blanes.cat\/salajove\/club-jocs-taula\/#primaryimage"},"thumbnailUrl":"https:\/\/biblioteca.blanes.cat\/salajove\/wp-content\/uploads\/sites\/3\/2020\/09\/2020-Club-de-Jocs-de-Taula-cartell-4rt-Trim-1-1-2-300x158.jpg","datePublished":"2018-01-15T14:05:39+00:00","dateModified":"2025-09-25T09:21:53+00:00","breadcrumb":{"@id":"https:\/\/biblioteca.blanes.cat\/salajove\/club-jocs-taula\/#breadcrumb"},"inLanguage":"ca","potentialAction":[{"@type":"ReadAction","target":["https:\/\/biblioteca.blanes.cat\/salajove\/club-jocs-taula\/"]}]},{"@type":"ImageObject","inLanguage":"ca","@id":"https:\/\/biblioteca.blanes.cat\/salajove\/club-jocs-taula\/#primaryimage","url":"https:\/\/biblioteca.blanes.cat\/salajove\/wp-content\/uploads\/sites\/3\/2020\/09\/2020-Club-de-Jocs-de-Taula-cartell-4rt-Trim-1-1-2.jpg","contentUrl":"https:\/\/biblioteca.blanes.cat\/salajove\/wp-content\/uploads\/sites\/3\/2020\/09\/2020-Club-de-Jocs-de-Taula-cartell-4rt-Trim-1-1-2.jpg","width":1008,"height":532},{"@type":"BreadcrumbList","@id":"https:\/\/biblioteca.blanes.cat\/salajove\/club-jocs-taula\/#breadcrumb","itemListElement":[{"@type":"ListItem","position":1,"name":"Inici","item":"https:\/\/biblioteca.blanes.cat\/salajove\/"},{"@type":"ListItem","position":2,"name":"CLUB JOCS DE TAULA"}]},{"@type":"WebSite","@id":"https:\/\/biblioteca.blanes.cat\/salajove\/#website","url":"https:\/\/biblioteca.blanes.cat\/salajove\/","name":"Sala Jove","description":"Biblioteca Comarcal de Blanes","publisher":{"@id":"https:\/\/biblioteca.blanes.cat\/salajove\/#organization"},"potentialAction":[{"@type":"SearchAction","target":{"@type":"EntryPoint","urlTemplate":"https:\/\/biblioteca.blanes.cat\/salajove\/?s={search_term_string}"},"query-input":{"@type":"PropertyValueSpecification","valueRequired":true,"valueName":"search_term_string"}}],"inLanguage":"ca"},{"@type":"Organization","@id":"https:\/\/biblioteca.blanes.cat\/salajove\/#organization","name":"Biblioteca Comarcal de Blanes","url":"https:\/\/biblioteca.blanes.cat\/salajove\/","logo":{"@type":"ImageObject","inLanguage":"ca","@id":"https:\/\/biblioteca.blanes.cat\/salajove\/#\/schema\/logo\/image\/","url":"https:\/\/biblioteca.blanes.cat\/salajove\/wp-content\/uploads\/sites\/3\/2017\/09\/cropped-Bib-blau-e1518869380535.png","contentUrl":"https:\/\/biblioteca.blanes.cat\/salajove\/wp-content\/uploads\/sites\/3\/2017\/09\/cropped-Bib-blau-e1518869380535.png","width":166,"height":166,"caption":"Biblioteca Comarcal de Blanes"},"image":{"@id":"https:\/\/biblioteca.blanes.cat\/salajove\/#\/schema\/logo\/image\/"},"sameAs":["https:\/\/www.facebook.com\/BilbiotecaComarcaldeBlanes\/","https:\/\/x.com\/BiblioBlanes","https:\/\/www.instagram.com\/biblioblanes\/","https:\/\/www.pinterest.es\/bblanes\/","https:\/\/www.youtube.com\/c\/BibliotecaComarcalBlanes"]}]}},"_links":{"self":[{"href":"https:\/\/biblioteca.blanes.cat\/salajove\/wp-json\/wp\/v2\/pages\/774","targetHints":{"allow":["GET"]}}],"collection":[{"href":"https:\/\/biblioteca.blanes.cat\/salajove\/wp-json\/wp\/v2\/pages"}],"about":[{"href":"https:\/\/biblioteca.blanes.cat\/salajove\/wp-json\/wp\/v2\/types\/page"}],"author":[{"embeddable":true,"href":"https:\/\/biblioteca.blanes.cat\/salajove\/wp-json\/wp\/v2\/users\/4"}],"replies":[{"embeddable":true,"href":"https:\/\/biblioteca.blanes.cat\/salajove\/wp-json\/wp\/v2\/comments?post=774"}],"version-history":[{"count":41,"href":"https:\/\/biblioteca.blanes.cat\/salajove\/wp-json\/wp\/v2\/pages\/774\/revisions"}],"predecessor-version":[{"id":10083,"href":"https:\/\/biblioteca.blanes.cat\/salajove\/wp-json\/wp\/v2\/pages\/774\/revisions\/10083"}],"wp:attachment":[{"href":"https:\/\/biblioteca.blanes.cat\/salajove\/wp-json\/wp\/v2\/media?parent=774"}],"curies":[{"name":"wp","href":"https:\/\/api.w.org\/{rel}","templated":true}]}}