{"id":63,"date":"2018-08-22T14:26:36","date_gmt":"2018-08-22T13:26:36","guid":{"rendered":"https:\/\/biblioteca.blanes.cat\/salainfantil\/?page_id=63"},"modified":"2019-01-15T16:23:28","modified_gmt":"2019-01-15T15:23:28","slug":"fons-infantil","status":"publish","type":"page","link":"https:\/\/biblioteca.blanes.cat\/salainfantil\/fons-infantil\/","title":{"rendered":"Fons infantil"},"content":{"rendered":"<h2 style=\"text-align: center;\"><span style=\"font-size: 36px; font-family: Barrio; color: #69bf94;\">FONS INFANTIL<\/span><\/h2>\n<p><span style=\"font-family: Lato;\">La col\u00b7lecci\u00f3 de la sala infantil\u00a0 est\u00e0 formada per uns 13.000 documents.<\/span><\/p>\n<p><span style=\"font-family: Lato;\">Qu\u00e8 hi podem trobar?<\/span><\/p>\n<p><img decoding=\"async\" class=\"wp-image-69 alignright\" src=\"https:\/\/biblioteca.blanes.cat\/salainfantil\/wp-content\/uploads\/sites\/2\/2018\/08\/1189776-009688-300x135.png\" alt=\"\" width=\"176\" height=\"79\" srcset=\"https:\/\/biblioteca.blanes.cat\/salainfantil\/wp-content\/uploads\/sites\/2\/2018\/08\/1189776-009688-300x135.png 300w, https:\/\/biblioteca.blanes.cat\/salainfantil\/wp-content\/uploads\/sites\/2\/2018\/08\/1189776-009688-768x346.png 768w, https:\/\/biblioteca.blanes.cat\/salainfantil\/wp-content\/uploads\/sites\/2\/2018\/08\/1189776-009688-1024x461.png 1024w, https:\/\/biblioteca.blanes.cat\/salainfantil\/wp-content\/uploads\/sites\/2\/2018\/08\/1189776-009688.png 2000w\" sizes=\"(max-width: 176px) 100vw, 176px\" \/><\/p>\n<ul>\n<li><span style=\"font-family: Lato;\"><strong><span style=\"color: #39ad73;\">Llibres d\u2019imaginaci\u00f3:<\/span><\/strong> contes i \u00e0lbums il\u00b7lustrats que ens <\/span><span style=\"font-family: Lato;\">expliquen hist\u00f2ries que no s\u00f3n reals. S\u00f3n obres liter\u00e0ries.<\/span><\/li>\n<\/ul>\n<ul>\n<li><span style=\"font-family: Lato;\"><strong><span style=\"color: #39ad73;\">Llibres de coneixements:<\/span><\/strong> s\u00f3n aquells que corresponen a <\/span><span style=\"font-family: Lato;\">ma<\/span><span style=\"font-family: Lato;\">t\u00e8ries concretes: matem\u00e0tiques, ci\u00e8ncies <\/span><span style=\"font-family: Lato;\">naturals, his<\/span><span style=\"font-family: Lato;\">t\u00f2ria, llenguatge, geografia, medicina,&#8230;<\/span><img decoding=\"async\" class=\"aligncenter wp-image-70\" src=\"https:\/\/biblioteca.blanes.cat\/salainfantil\/wp-content\/uploads\/sites\/2\/2018\/08\/1431857999_28435-198x300.jpg\" alt=\"\" width=\"79\" height=\"120\" srcset=\"https:\/\/biblioteca.blanes.cat\/salainfantil\/wp-content\/uploads\/sites\/2\/2018\/08\/1431857999_28435-198x300.jpg 198w, https:\/\/biblioteca.blanes.cat\/salainfantil\/wp-content\/uploads\/sites\/2\/2018\/08\/1431857999_28435.jpg 330w\" sizes=\"(max-width: 79px) 100vw, 79px\" \/><\/li>\n<\/ul>\n<ul>\n<li><span style=\"font-family: Lato;\"><span style=\"color: #39ad73;\"><strong>Centres d\u2019inter\u00e8s<\/strong><\/span>: s\u00f3n aquells llibres que\u00a0 pensem que us poden interessar molt i els agrupem per temes: CONTES CL\u00c0SSICS, ANIMALS, JOCS, IDIOMES,&#8230;. <\/span><\/li>\n<\/ul>\n<p style=\"text-align: center;\"><span style=\"font-family: Lato;\">De centres d\u2019inter\u00e8s en tenim dos de molt especials: <\/span><\/p>\n<p style=\"text-align: center;\"><span style=\"color: #000080;\"><strong><span style=\"font-family: Lato;\">MAR<\/span><\/strong><\/span><\/p>\n<p style=\"text-align: center;\"><span style=\"color: #000080;\"><strong><span style=\"font-family: Lato;\"><img decoding=\"async\" class=\"aligncenter wp-image-160\" src=\"https:\/\/biblioteca.blanes.cat\/salainfantil\/wp-content\/uploads\/sites\/2\/2018\/08\/embarcacions-300x151.png\" alt=\"\" width=\"86\" height=\"43\" \/> <\/span><\/strong><\/span><\/p>\n<p style=\"text-align: center;\"><em><span style=\"font-family: Lato;\">( Perqu\u00e8 des de la finestra de la biblioteca podem veure el Mediterrani)<\/span><\/em><\/p>\n<p style=\"text-align: center;\"><strong><span style=\"font-family: Lato; color: #bd5e8e;\"> DANSA<\/span><\/strong><\/p>\n<p><img loading=\"lazy\" decoding=\"async\" class=\"aligncenter wp-image-167\" src=\"https:\/\/biblioteca.blanes.cat\/salainfantil\/wp-content\/uploads\/sites\/2\/2018\/08\/I-dansa-narracions-300x217.png\" alt=\"\" width=\"80\" height=\"58\" srcset=\"https:\/\/biblioteca.blanes.cat\/salainfantil\/wp-content\/uploads\/sites\/2\/2018\/08\/I-dansa-narracions-300x217.png 300w, https:\/\/biblioteca.blanes.cat\/salainfantil\/wp-content\/uploads\/sites\/2\/2018\/08\/I-dansa-narracions-768x556.png 768w, https:\/\/biblioteca.blanes.cat\/salainfantil\/wp-content\/uploads\/sites\/2\/2018\/08\/I-dansa-narracions-1024x741.png 1024w\" sizes=\"(max-width: 80px) 100vw, 80px\" \/><\/p>\n<p style=\"text-align: center;\"><em><span style=\"font-family: Lato;\"> (Perqu\u00e8 les bibliotec\u00e0ries quan ning\u00fa no ens veu, ballem tota l\u2019estona)<\/span><\/em><\/p>\n<p>&nbsp;<\/p>\n<p>&nbsp;<\/p>\n<p><span style=\"font-family: Lato;\">Tamb\u00e9 hi podem trobar revistes, DVD\u2019s i m\u00fasica en CD.<\/span><\/p>\n<p>&nbsp;<\/p>\n","protected":false},"excerpt":{"rendered":"<p>FONS INFANTIL La col\u00b7lecci\u00f3 de la sala infantil\u00a0 est\u00e0 formada per uns 13.000 documents. Qu\u00e8 hi podem trobar? Llibres d\u2019imaginaci\u00f3: contes i \u00e0lbums il\u00b7lustrats que ens expliquen hist\u00f2ries que no s\u00f3n reals. S\u00f3n obres liter\u00e0ries. Llibres de coneixements: s\u00f3n aquells<\/p>\n","protected":false},"author":4,"featured_media":0,"parent":0,"menu_order":0,"comment_status":"closed","ping_status":"closed","template":"","meta":{"sfsi_plus_gutenberg_text_before_share":"","sfsi_plus_gutenberg_show_text_before_share":"","sfsi_plus_gutenberg_icon_type":"","sfsi_plus_gutenberg_icon_alignemt":"","sfsi_plus_gutenburg_max_per_row":"","footnotes":""},"class_list":["post-63","page","type-page","status-publish","hentry"],"yoast_head":"<!-- This site is optimized with the Yoast SEO plugin v27.5 - https:\/\/yoast.com\/product\/yoast-seo-wordpress\/ -->\n<title>FONS INFANTIL BIBLIOTECA COMARCAL DE BLANES<\/title>\n<meta name=\"description\" content=\"El fons de la sala infantil es subdivideix en tres grans grups segons el seu contingut i el p\u00fablic al qual van dirigits\" \/>\n<meta name=\"robots\" content=\"index, follow, max-snippet:-1, max-image-preview:large, max-video-preview:-1\" \/>\n<link rel=\"canonical\" href=\"https:\/\/biblioteca.blanes.cat\/salainfantil\/fons-infantil\/\" \/>\n<meta property=\"og:locale\" content=\"ca_ES\" \/>\n<meta property=\"og:type\" content=\"article\" \/>\n<meta property=\"og:title\" content=\"FONS INFANTIL BIBLIOTECA COMARCAL DE BLANES\" \/>\n<meta property=\"og:description\" content=\"El fons de la sala infantil es subdivideix en tres grans grups segons el seu contingut i el p\u00fablic al qual van dirigits\" \/>\n<meta property=\"og:url\" content=\"https:\/\/biblioteca.blanes.cat\/salainfantil\/fons-infantil\/\" \/>\n<meta property=\"og:site_name\" content=\"SALA INFANTIL\" \/>\n<meta property=\"article:modified_time\" content=\"2019-01-15T15:23:28+00:00\" \/>\n<meta property=\"og:image\" content=\"https:\/\/biblioteca.blanes.cat\/salainfantil\/wp-content\/uploads\/sites\/2\/2018\/08\/1189776-009688-300x135.png\" \/>\n<meta name=\"twitter:card\" content=\"summary_large_image\" \/>\n<meta name=\"twitter:label1\" content=\"Temps estimat de lectura\" \/>\n\t<meta name=\"twitter:data1\" content=\"1 minut\" \/>\n<script type=\"application\/ld+json\" class=\"yoast-schema-graph\">{\"@context\":\"https:\\\/\\\/schema.org\",\"@graph\":[{\"@type\":\"WebPage\",\"@id\":\"https:\\\/\\\/biblioteca.blanes.cat\\\/salainfantil\\\/fons-infantil\\\/\",\"url\":\"https:\\\/\\\/biblioteca.blanes.cat\\\/salainfantil\\\/fons-infantil\\\/\",\"name\":\"FONS INFANTIL BIBLIOTECA COMARCAL DE BLANES\",\"isPartOf\":{\"@id\":\"https:\\\/\\\/biblioteca.blanes.cat\\\/salainfantil\\\/#website\"},\"primaryImageOfPage\":{\"@id\":\"https:\\\/\\\/biblioteca.blanes.cat\\\/salainfantil\\\/fons-infantil\\\/#primaryimage\"},\"image\":{\"@id\":\"https:\\\/\\\/biblioteca.blanes.cat\\\/salainfantil\\\/fons-infantil\\\/#primaryimage\"},\"thumbnailUrl\":\"https:\\\/\\\/biblioteca.blanes.cat\\\/salainfantil\\\/wp-content\\\/uploads\\\/sites\\\/2\\\/2018\\\/08\\\/1189776-009688-300x135.png\",\"datePublished\":\"2018-08-22T13:26:36+00:00\",\"dateModified\":\"2019-01-15T15:23:28+00:00\",\"description\":\"El fons de la sala infantil es subdivideix en tres grans grups segons el seu contingut i el p\u00fablic al qual van dirigits\",\"breadcrumb\":{\"@id\":\"https:\\\/\\\/biblioteca.blanes.cat\\\/salainfantil\\\/fons-infantil\\\/#breadcrumb\"},\"inLanguage\":\"ca\",\"potentialAction\":[{\"@type\":\"ReadAction\",\"target\":[\"https:\\\/\\\/biblioteca.blanes.cat\\\/salainfantil\\\/fons-infantil\\\/\"]}]},{\"@type\":\"ImageObject\",\"inLanguage\":\"ca\",\"@id\":\"https:\\\/\\\/biblioteca.blanes.cat\\\/salainfantil\\\/fons-infantil\\\/#primaryimage\",\"url\":\"https:\\\/\\\/biblioteca.blanes.cat\\\/salainfantil\\\/wp-content\\\/uploads\\\/sites\\\/2\\\/2018\\\/08\\\/1189776-009688.png\",\"contentUrl\":\"https:\\\/\\\/biblioteca.blanes.cat\\\/salainfantil\\\/wp-content\\\/uploads\\\/sites\\\/2\\\/2018\\\/08\\\/1189776-009688.png\",\"width\":2000,\"height\":900},{\"@type\":\"BreadcrumbList\",\"@id\":\"https:\\\/\\\/biblioteca.blanes.cat\\\/salainfantil\\\/fons-infantil\\\/#breadcrumb\",\"itemListElement\":[{\"@type\":\"ListItem\",\"position\":1,\"name\":\"Inici\",\"item\":\"https:\\\/\\\/biblioteca.blanes.cat\\\/salainfantil\\\/\"},{\"@type\":\"ListItem\",\"position\":2,\"name\":\"Fons infantil\"}]},{\"@type\":\"WebSite\",\"@id\":\"https:\\\/\\\/biblioteca.blanes.cat\\\/salainfantil\\\/#website\",\"url\":\"https:\\\/\\\/biblioteca.blanes.cat\\\/salainfantil\\\/\",\"name\":\"SALA INFANTIL\",\"description\":\"Biblioteca Roberto Bola\u00f1o\",\"potentialAction\":[{\"@type\":\"SearchAction\",\"target\":{\"@type\":\"EntryPoint\",\"urlTemplate\":\"https:\\\/\\\/biblioteca.blanes.cat\\\/salainfantil\\\/?s={search_term_string}\"},\"query-input\":{\"@type\":\"PropertyValueSpecification\",\"valueRequired\":true,\"valueName\":\"search_term_string\"}}],\"inLanguage\":\"ca\"}]}<\/script>\n<!-- \/ Yoast SEO plugin. -->","yoast_head_json":{"title":"FONS INFANTIL BIBLIOTECA COMARCAL DE BLANES","description":"El fons de la sala infantil es subdivideix en tres grans grups segons el seu contingut i el p\u00fablic al qual van dirigits","robots":{"index":"index","follow":"follow","max-snippet":"max-snippet:-1","max-image-preview":"max-image-preview:large","max-video-preview":"max-video-preview:-1"},"canonical":"https:\/\/biblioteca.blanes.cat\/salainfantil\/fons-infantil\/","og_locale":"ca_ES","og_type":"article","og_title":"FONS INFANTIL BIBLIOTECA COMARCAL DE BLANES","og_description":"El fons de la sala infantil es subdivideix en tres grans grups segons el seu contingut i el p\u00fablic al qual van dirigits","og_url":"https:\/\/biblioteca.blanes.cat\/salainfantil\/fons-infantil\/","og_site_name":"SALA INFANTIL","article_modified_time":"2019-01-15T15:23:28+00:00","og_image":[{"url":"https:\/\/biblioteca.blanes.cat\/salainfantil\/wp-content\/uploads\/sites\/2\/2018\/08\/1189776-009688-300x135.png","type":"","width":"","height":""}],"twitter_card":"summary_large_image","twitter_misc":{"Temps estimat de lectura":"1 minut"},"schema":{"@context":"https:\/\/schema.org","@graph":[{"@type":"WebPage","@id":"https:\/\/biblioteca.blanes.cat\/salainfantil\/fons-infantil\/","url":"https:\/\/biblioteca.blanes.cat\/salainfantil\/fons-infantil\/","name":"FONS INFANTIL BIBLIOTECA COMARCAL DE BLANES","isPartOf":{"@id":"https:\/\/biblioteca.blanes.cat\/salainfantil\/#website"},"primaryImageOfPage":{"@id":"https:\/\/biblioteca.blanes.cat\/salainfantil\/fons-infantil\/#primaryimage"},"image":{"@id":"https:\/\/biblioteca.blanes.cat\/salainfantil\/fons-infantil\/#primaryimage"},"thumbnailUrl":"https:\/\/biblioteca.blanes.cat\/salainfantil\/wp-content\/uploads\/sites\/2\/2018\/08\/1189776-009688-300x135.png","datePublished":"2018-08-22T13:26:36+00:00","dateModified":"2019-01-15T15:23:28+00:00","description":"El fons de la sala infantil es subdivideix en tres grans grups segons el seu contingut i el p\u00fablic al qual van dirigits","breadcrumb":{"@id":"https:\/\/biblioteca.blanes.cat\/salainfantil\/fons-infantil\/#breadcrumb"},"inLanguage":"ca","potentialAction":[{"@type":"ReadAction","target":["https:\/\/biblioteca.blanes.cat\/salainfantil\/fons-infantil\/"]}]},{"@type":"ImageObject","inLanguage":"ca","@id":"https:\/\/biblioteca.blanes.cat\/salainfantil\/fons-infantil\/#primaryimage","url":"https:\/\/biblioteca.blanes.cat\/salainfantil\/wp-content\/uploads\/sites\/2\/2018\/08\/1189776-009688.png","contentUrl":"https:\/\/biblioteca.blanes.cat\/salainfantil\/wp-content\/uploads\/sites\/2\/2018\/08\/1189776-009688.png","width":2000,"height":900},{"@type":"BreadcrumbList","@id":"https:\/\/biblioteca.blanes.cat\/salainfantil\/fons-infantil\/#breadcrumb","itemListElement":[{"@type":"ListItem","position":1,"name":"Inici","item":"https:\/\/biblioteca.blanes.cat\/salainfantil\/"},{"@type":"ListItem","position":2,"name":"Fons infantil"}]},{"@type":"WebSite","@id":"https:\/\/biblioteca.blanes.cat\/salainfantil\/#website","url":"https:\/\/biblioteca.blanes.cat\/salainfantil\/","name":"SALA INFANTIL","description":"Biblioteca Roberto Bola\u00f1o","potentialAction":[{"@type":"SearchAction","target":{"@type":"EntryPoint","urlTemplate":"https:\/\/biblioteca.blanes.cat\/salainfantil\/?s={search_term_string}"},"query-input":{"@type":"PropertyValueSpecification","valueRequired":true,"valueName":"search_term_string"}}],"inLanguage":"ca"}]}},"_links":{"self":[{"href":"https:\/\/biblioteca.blanes.cat\/salainfantil\/wp-json\/wp\/v2\/pages\/63","targetHints":{"allow":["GET"]}}],"collection":[{"href":"https:\/\/biblioteca.blanes.cat\/salainfantil\/wp-json\/wp\/v2\/pages"}],"about":[{"href":"https:\/\/biblioteca.blanes.cat\/salainfantil\/wp-json\/wp\/v2\/types\/page"}],"author":[{"embeddable":true,"href":"https:\/\/biblioteca.blanes.cat\/salainfantil\/wp-json\/wp\/v2\/users\/4"}],"replies":[{"embeddable":true,"href":"https:\/\/biblioteca.blanes.cat\/salainfantil\/wp-json\/wp\/v2\/comments?post=63"}],"version-history":[{"count":19,"href":"https:\/\/biblioteca.blanes.cat\/salainfantil\/wp-json\/wp\/v2\/pages\/63\/revisions"}],"predecessor-version":[{"id":687,"href":"https:\/\/biblioteca.blanes.cat\/salainfantil\/wp-json\/wp\/v2\/pages\/63\/revisions\/687"}],"wp:attachment":[{"href":"https:\/\/biblioteca.blanes.cat\/salainfantil\/wp-json\/wp\/v2\/media?parent=63"}],"curies":[{"name":"wp","href":"https:\/\/api.w.org\/{rel}","templated":true}]}}