{"id":192,"date":"2018-09-06T15:27:20","date_gmt":"2018-09-06T14:27:20","guid":{"rendered":"https:\/\/biblioteca.blanes.cat\/salainfantil\/?page_id=192"},"modified":"2019-01-11T12:58:39","modified_gmt":"2019-01-11T11:58:39","slug":"clubs-de-lectura","status":"publish","type":"page","link":"https:\/\/biblioteca.blanes.cat\/salainfantil\/clubs-de-lectura\/","title":{"rendered":"CLUBS DE LECTURA"},"content":{"rendered":"<p><span style=\"font-family: Lato;\">A la Biblioteca podeu trobar dos clubs de lectura destinats als petits lectors.<\/span><\/p>\n<h2 style=\"text-align: left;\"><span style=\"font-size: 24px; font-family: Barrio; color: #96627c;\">MINICLUB<\/span><\/h2>\n<p style=\"text-align: left;\"><span style=\"font-family: Lato;\">L\u2019h\u00e0bit lector es pot fomentar des de l\u2019inici de la vida. \u00c9s per aix\u00f2 que tenim una l\u00ednea de promoci\u00f3 de la lectura en l\u2019etapa 0-3 (Nascuts per Llegir).<\/span><\/p>\n<p style=\"text-align: left;\"><a href=\"https:\/\/biblioteca.blanes.cat\/salainfantil\/wp-content\/uploads\/sites\/2\/2018\/09\/BiblioBlanes_Miniclub_09102018-4.jpg\" target=\"_blank\" rel=\"noopener\"><img decoding=\"async\" class=\"aligncenter wp-image-662\" src=\"https:\/\/biblioteca.blanes.cat\/salainfantil\/wp-content\/uploads\/sites\/2\/2018\/09\/BiblioBlanes_Miniclub_09102018-4-300x225.jpg\" alt=\"\" width=\"236\" height=\"177\" srcset=\"https:\/\/biblioteca.blanes.cat\/salainfantil\/wp-content\/uploads\/sites\/2\/2018\/09\/BiblioBlanes_Miniclub_09102018-4-300x225.jpg 300w, https:\/\/biblioteca.blanes.cat\/salainfantil\/wp-content\/uploads\/sites\/2\/2018\/09\/BiblioBlanes_Miniclub_09102018-4-768x576.jpg 768w, https:\/\/biblioteca.blanes.cat\/salainfantil\/wp-content\/uploads\/sites\/2\/2018\/09\/BiblioBlanes_Miniclub_09102018-4.jpg 816w\" sizes=\"(max-width: 236px) 100vw, 236px\" \/><\/a><\/p>\n<p style=\"text-align: left;\"><span style=\"font-family: Lato;\">Tanmateix pensem que la lectura compartida incideix positivament en l\u2019assoliment d\u2019aquest h\u00e0bit. Per aix\u00f2 hem iniciat aquest projecte amb <span style=\"color: #5c203e;\"><strong>infants de 5 a 7 anys.<\/strong> <\/span><\/span><\/p>\n<p style=\"text-align: left;\"><span style=\"font-family: Lato;\">Es tracta d\u2019un club de lectura d\u2019\u00e0lbums il\u00b7lustrats infantils en fam\u00edlia, conduit per personal bibliotecari, en el que nens i adults poden compartir les idees, inquietuds i sensacions que els aporten les lectures. \u00c9s se\u2019ns dubte el nostre viver de futurs lectors.<\/span><\/p>\n<p style=\"text-align: left;\"><span style=\"font-family: Lato;\"> La periodicitat \u00e9s mensual i els \u00e0lbums els proporciona la biblioteca.<\/span><\/p>\n<p style=\"text-align: left;\">\n<h2 style=\"text-align: left;\"><span style=\"font-size: 24px; font-family: Barrio; color: #96627c;\">CLUB DE LECTURA INFANTIL<\/span><\/h2>\n<p style=\"text-align: left;\"><span style=\"font-family: Lato;\">El Club de Lectura Infantil \u00e9s una proposta de foment de la lectura per aquells <span style=\"color: #5c203e;\"><strong>nens i nenes de 8 a 11 anys<\/strong><\/span> que han deixat enrere la lectura compartida amb els pares\/tutors i tenen ganes de llegir de forma comunit\u00e0ria, \u00e9s a dir, de compartir l\u2019h\u00e0bit lector que molts ja tenen adqu<a href=\"https:\/\/biblioteca.blanes.cat\/salainfantil\/wp-content\/uploads\/sites\/2\/2018\/09\/biblioBlanes_cli_des2018-7.jpg\" target=\"_blank\" rel=\"noopener\"><img decoding=\"async\" class=\"alignright wp-image-656\" src=\"https:\/\/biblioteca.blanes.cat\/salainfantil\/wp-content\/uploads\/sites\/2\/2018\/09\/biblioBlanes_cli_des2018-7-300x225.jpg\" alt=\"\" width=\"166\" height=\"124\" srcset=\"https:\/\/biblioteca.blanes.cat\/salainfantil\/wp-content\/uploads\/sites\/2\/2018\/09\/biblioBlanes_cli_des2018-7-300x225.jpg 300w, https:\/\/biblioteca.blanes.cat\/salainfantil\/wp-content\/uploads\/sites\/2\/2018\/09\/biblioBlanes_cli_des2018-7-768x576.jpg 768w, https:\/\/biblioteca.blanes.cat\/salainfantil\/wp-content\/uploads\/sites\/2\/2018\/09\/biblioBlanes_cli_des2018-7-1024x768.jpg 1024w\" sizes=\"(max-width: 166px) 100vw, 166px\" \/><\/a>irit, amb companys de la mateixa edat. Tanmateix serveis per a refor\u00e7ar les dificultats lectores que poden tenir alguns infants. El Club est\u00e0 condu\u00eft per personal bibliotecari i la periodicitat de les trobades \u00e9s una vegada al mes. <\/span><\/p>\n<p style=\"text-align: left;\">\n<p><span style=\"font-family: Lato;\">Els llibres els proporciona la biblioteca i s\u00f3n divertid\u00edssims&#8230;.va apunteu-vos-hi!<\/span><\/p>\n<p><a href=\"https:\/\/biblioteca.blanes.cat\/salainfantil\/wp-content\/uploads\/sites\/2\/2018\/09\/BiblioBlanes_cliclj_octubre2018.jpg\" target=\"_blank\" rel=\"noopener\"><img decoding=\"async\" class=\"aligncenter wp-image-657\" src=\"https:\/\/biblioteca.blanes.cat\/salainfantil\/wp-content\/uploads\/sites\/2\/2018\/09\/BiblioBlanes_cliclj_octubre2018-300x243.jpg\" alt=\"\" width=\"200\" height=\"162\" srcset=\"https:\/\/biblioteca.blanes.cat\/salainfantil\/wp-content\/uploads\/sites\/2\/2018\/09\/BiblioBlanes_cliclj_octubre2018-300x243.jpg 300w, https:\/\/biblioteca.blanes.cat\/salainfantil\/wp-content\/uploads\/sites\/2\/2018\/09\/BiblioBlanes_cliclj_octubre2018-768x622.jpg 768w, https:\/\/biblioteca.blanes.cat\/salainfantil\/wp-content\/uploads\/sites\/2\/2018\/09\/BiblioBlanes_cliclj_octubre2018-1024x829.jpg 1024w\" sizes=\"(max-width: 200px) 100vw, 200px\" \/><\/a><\/p>\n<p>&nbsp;<\/p>\n","protected":false},"excerpt":{"rendered":"<p>A la Biblioteca podeu trobar dos clubs de lectura destinats als petits lectors. MINICLUB L\u2019h\u00e0bit lector es pot fomentar des de l\u2019inici de la vida. \u00c9s per aix\u00f2 que tenim una l\u00ednea de promoci\u00f3 de la lectura en l\u2019etapa 0-3<\/p>\n","protected":false},"author":4,"featured_media":0,"parent":0,"menu_order":0,"comment_status":"closed","ping_status":"closed","template":"","meta":{"sfsi_plus_gutenberg_text_before_share":"","sfsi_plus_gutenberg_show_text_before_share":"","sfsi_plus_gutenberg_icon_type":"","sfsi_plus_gutenberg_icon_alignemt":"","sfsi_plus_gutenburg_max_per_row":"","footnotes":""},"class_list":["post-192","page","type-page","status-publish","hentry"],"yoast_head":"<!-- This site is optimized with the Yoast SEO plugin v27.5 - https:\/\/yoast.com\/product\/yoast-seo-wordpress\/ -->\n<title>CLUBS DE LECTURA - SALA INFANTIL<\/title>\n<meta name=\"robots\" content=\"index, follow, max-snippet:-1, max-image-preview:large, max-video-preview:-1\" \/>\n<link rel=\"canonical\" href=\"https:\/\/biblioteca.blanes.cat\/salainfantil\/clubs-de-lectura\/\" \/>\n<meta property=\"og:locale\" content=\"ca_ES\" \/>\n<meta property=\"og:type\" content=\"article\" \/>\n<meta property=\"og:title\" content=\"CLUBS DE LECTURA - SALA INFANTIL\" \/>\n<meta property=\"og:description\" content=\"A la Biblioteca podeu trobar dos clubs de lectura destinats als petits lectors. MINICLUB L\u2019h\u00e0bit lector es pot fomentar des de l\u2019inici de la vida. \u00c9s per aix\u00f2 que tenim una l\u00ednea de promoci\u00f3 de la lectura en l\u2019etapa 0-3\" \/>\n<meta property=\"og:url\" content=\"https:\/\/biblioteca.blanes.cat\/salainfantil\/clubs-de-lectura\/\" \/>\n<meta property=\"og:site_name\" content=\"SALA INFANTIL\" \/>\n<meta property=\"article:modified_time\" content=\"2019-01-11T11:58:39+00:00\" \/>\n<meta property=\"og:image\" content=\"https:\/\/biblioteca.blanes.cat\/salainfantil\/wp-content\/uploads\/sites\/2\/2018\/09\/BiblioBlanes_Miniclub_09102018-4-300x225.jpg\" \/>\n<meta name=\"twitter:card\" content=\"summary_large_image\" \/>\n<meta name=\"twitter:label1\" content=\"Temps estimat de lectura\" \/>\n\t<meta name=\"twitter:data1\" content=\"1 minut\" \/>\n<script type=\"application\/ld+json\" class=\"yoast-schema-graph\">{\"@context\":\"https:\\\/\\\/schema.org\",\"@graph\":[{\"@type\":\"WebPage\",\"@id\":\"https:\\\/\\\/biblioteca.blanes.cat\\\/salainfantil\\\/clubs-de-lectura\\\/\",\"url\":\"https:\\\/\\\/biblioteca.blanes.cat\\\/salainfantil\\\/clubs-de-lectura\\\/\",\"name\":\"CLUBS DE LECTURA - SALA INFANTIL\",\"isPartOf\":{\"@id\":\"https:\\\/\\\/biblioteca.blanes.cat\\\/salainfantil\\\/#website\"},\"primaryImageOfPage\":{\"@id\":\"https:\\\/\\\/biblioteca.blanes.cat\\\/salainfantil\\\/clubs-de-lectura\\\/#primaryimage\"},\"image\":{\"@id\":\"https:\\\/\\\/biblioteca.blanes.cat\\\/salainfantil\\\/clubs-de-lectura\\\/#primaryimage\"},\"thumbnailUrl\":\"https:\\\/\\\/biblioteca.blanes.cat\\\/salainfantil\\\/wp-content\\\/uploads\\\/sites\\\/2\\\/2018\\\/09\\\/BiblioBlanes_Miniclub_09102018-4-300x225.jpg\",\"datePublished\":\"2018-09-06T14:27:20+00:00\",\"dateModified\":\"2019-01-11T11:58:39+00:00\",\"breadcrumb\":{\"@id\":\"https:\\\/\\\/biblioteca.blanes.cat\\\/salainfantil\\\/clubs-de-lectura\\\/#breadcrumb\"},\"inLanguage\":\"ca\",\"potentialAction\":[{\"@type\":\"ReadAction\",\"target\":[\"https:\\\/\\\/biblioteca.blanes.cat\\\/salainfantil\\\/clubs-de-lectura\\\/\"]}]},{\"@type\":\"ImageObject\",\"inLanguage\":\"ca\",\"@id\":\"https:\\\/\\\/biblioteca.blanes.cat\\\/salainfantil\\\/clubs-de-lectura\\\/#primaryimage\",\"url\":\"https:\\\/\\\/biblioteca.blanes.cat\\\/salainfantil\\\/wp-content\\\/uploads\\\/sites\\\/2\\\/2018\\\/09\\\/BiblioBlanes_Miniclub_09102018-4.jpg\",\"contentUrl\":\"https:\\\/\\\/biblioteca.blanes.cat\\\/salainfantil\\\/wp-content\\\/uploads\\\/sites\\\/2\\\/2018\\\/09\\\/BiblioBlanes_Miniclub_09102018-4.jpg\",\"width\":816,\"height\":612},{\"@type\":\"BreadcrumbList\",\"@id\":\"https:\\\/\\\/biblioteca.blanes.cat\\\/salainfantil\\\/clubs-de-lectura\\\/#breadcrumb\",\"itemListElement\":[{\"@type\":\"ListItem\",\"position\":1,\"name\":\"Inici\",\"item\":\"https:\\\/\\\/biblioteca.blanes.cat\\\/salainfantil\\\/\"},{\"@type\":\"ListItem\",\"position\":2,\"name\":\"CLUBS DE LECTURA\"}]},{\"@type\":\"WebSite\",\"@id\":\"https:\\\/\\\/biblioteca.blanes.cat\\\/salainfantil\\\/#website\",\"url\":\"https:\\\/\\\/biblioteca.blanes.cat\\\/salainfantil\\\/\",\"name\":\"SALA INFANTIL\",\"description\":\"Biblioteca Roberto Bola\u00f1o\",\"potentialAction\":[{\"@type\":\"SearchAction\",\"target\":{\"@type\":\"EntryPoint\",\"urlTemplate\":\"https:\\\/\\\/biblioteca.blanes.cat\\\/salainfantil\\\/?s={search_term_string}\"},\"query-input\":{\"@type\":\"PropertyValueSpecification\",\"valueRequired\":true,\"valueName\":\"search_term_string\"}}],\"inLanguage\":\"ca\"}]}<\/script>\n<!-- \/ Yoast SEO plugin. -->","yoast_head_json":{"title":"CLUBS DE LECTURA - SALA INFANTIL","robots":{"index":"index","follow":"follow","max-snippet":"max-snippet:-1","max-image-preview":"max-image-preview:large","max-video-preview":"max-video-preview:-1"},"canonical":"https:\/\/biblioteca.blanes.cat\/salainfantil\/clubs-de-lectura\/","og_locale":"ca_ES","og_type":"article","og_title":"CLUBS DE LECTURA - SALA INFANTIL","og_description":"A la Biblioteca podeu trobar dos clubs de lectura destinats als petits lectors. MINICLUB L\u2019h\u00e0bit lector es pot fomentar des de l\u2019inici de la vida. \u00c9s per aix\u00f2 que tenim una l\u00ednea de promoci\u00f3 de la lectura en l\u2019etapa 0-3","og_url":"https:\/\/biblioteca.blanes.cat\/salainfantil\/clubs-de-lectura\/","og_site_name":"SALA INFANTIL","article_modified_time":"2019-01-11T11:58:39+00:00","og_image":[{"url":"https:\/\/biblioteca.blanes.cat\/salainfantil\/wp-content\/uploads\/sites\/2\/2018\/09\/BiblioBlanes_Miniclub_09102018-4-300x225.jpg","type":"","width":"","height":""}],"twitter_card":"summary_large_image","twitter_misc":{"Temps estimat de lectura":"1 minut"},"schema":{"@context":"https:\/\/schema.org","@graph":[{"@type":"WebPage","@id":"https:\/\/biblioteca.blanes.cat\/salainfantil\/clubs-de-lectura\/","url":"https:\/\/biblioteca.blanes.cat\/salainfantil\/clubs-de-lectura\/","name":"CLUBS DE LECTURA - SALA INFANTIL","isPartOf":{"@id":"https:\/\/biblioteca.blanes.cat\/salainfantil\/#website"},"primaryImageOfPage":{"@id":"https:\/\/biblioteca.blanes.cat\/salainfantil\/clubs-de-lectura\/#primaryimage"},"image":{"@id":"https:\/\/biblioteca.blanes.cat\/salainfantil\/clubs-de-lectura\/#primaryimage"},"thumbnailUrl":"https:\/\/biblioteca.blanes.cat\/salainfantil\/wp-content\/uploads\/sites\/2\/2018\/09\/BiblioBlanes_Miniclub_09102018-4-300x225.jpg","datePublished":"2018-09-06T14:27:20+00:00","dateModified":"2019-01-11T11:58:39+00:00","breadcrumb":{"@id":"https:\/\/biblioteca.blanes.cat\/salainfantil\/clubs-de-lectura\/#breadcrumb"},"inLanguage":"ca","potentialAction":[{"@type":"ReadAction","target":["https:\/\/biblioteca.blanes.cat\/salainfantil\/clubs-de-lectura\/"]}]},{"@type":"ImageObject","inLanguage":"ca","@id":"https:\/\/biblioteca.blanes.cat\/salainfantil\/clubs-de-lectura\/#primaryimage","url":"https:\/\/biblioteca.blanes.cat\/salainfantil\/wp-content\/uploads\/sites\/2\/2018\/09\/BiblioBlanes_Miniclub_09102018-4.jpg","contentUrl":"https:\/\/biblioteca.blanes.cat\/salainfantil\/wp-content\/uploads\/sites\/2\/2018\/09\/BiblioBlanes_Miniclub_09102018-4.jpg","width":816,"height":612},{"@type":"BreadcrumbList","@id":"https:\/\/biblioteca.blanes.cat\/salainfantil\/clubs-de-lectura\/#breadcrumb","itemListElement":[{"@type":"ListItem","position":1,"name":"Inici","item":"https:\/\/biblioteca.blanes.cat\/salainfantil\/"},{"@type":"ListItem","position":2,"name":"CLUBS DE LECTURA"}]},{"@type":"WebSite","@id":"https:\/\/biblioteca.blanes.cat\/salainfantil\/#website","url":"https:\/\/biblioteca.blanes.cat\/salainfantil\/","name":"SALA INFANTIL","description":"Biblioteca Roberto Bola\u00f1o","potentialAction":[{"@type":"SearchAction","target":{"@type":"EntryPoint","urlTemplate":"https:\/\/biblioteca.blanes.cat\/salainfantil\/?s={search_term_string}"},"query-input":{"@type":"PropertyValueSpecification","valueRequired":true,"valueName":"search_term_string"}}],"inLanguage":"ca"}]}},"_links":{"self":[{"href":"https:\/\/biblioteca.blanes.cat\/salainfantil\/wp-json\/wp\/v2\/pages\/192","targetHints":{"allow":["GET"]}}],"collection":[{"href":"https:\/\/biblioteca.blanes.cat\/salainfantil\/wp-json\/wp\/v2\/pages"}],"about":[{"href":"https:\/\/biblioteca.blanes.cat\/salainfantil\/wp-json\/wp\/v2\/types\/page"}],"author":[{"embeddable":true,"href":"https:\/\/biblioteca.blanes.cat\/salainfantil\/wp-json\/wp\/v2\/users\/4"}],"replies":[{"embeddable":true,"href":"https:\/\/biblioteca.blanes.cat\/salainfantil\/wp-json\/wp\/v2\/comments?post=192"}],"version-history":[{"count":15,"href":"https:\/\/biblioteca.blanes.cat\/salainfantil\/wp-json\/wp\/v2\/pages\/192\/revisions"}],"predecessor-version":[{"id":669,"href":"https:\/\/biblioteca.blanes.cat\/salainfantil\/wp-json\/wp\/v2\/pages\/192\/revisions\/669"}],"wp:attachment":[{"href":"https:\/\/biblioteca.blanes.cat\/salainfantil\/wp-json\/wp\/v2\/media?parent=192"}],"curies":[{"name":"wp","href":"https:\/\/api.w.org\/{rel}","templated":true}]}}