{"id":112,"date":"2018-08-23T16:15:52","date_gmt":"2018-08-23T15:15:52","guid":{"rendered":"https:\/\/biblioteca.blanes.cat\/salainfantil\/?page_id=112"},"modified":"2022-03-29T15:10:06","modified_gmt":"2022-03-29T14:10:06","slug":"nascuts-per-llegir","status":"publish","type":"page","link":"https:\/\/biblioteca.blanes.cat\/salainfantil\/nascuts-per-llegir\/","title":{"rendered":"Nascuts per llegir"},"content":{"rendered":"<h1 style=\"text-align: center;\"><span style=\"font-size: 36px; font-family: Barrio; color: #800080;\">NASCUTS PER LLEGIR<\/span><\/h1>\n<p>\u00a0<\/p>\n<p><span style=\"font-family: Lato; font-size: 20px;\">A la sala infantil tenim l&#8217;\u00e0rea Nascuts per Llegir <span style=\"color: #800080;\"><b>(NPL)<\/b><\/span>. En aquest espai trobareu <span style=\"color: #7c3aab;\">contes pels m\u00e9s menuts<\/span>, on els pares podreu gaudir del primer contacte dels vostres nadons amb els llibres.<\/span><\/p>\n<p>\u00a0<\/p>\n<div><span style=\"font-family: Lato; font-size: 20px;\"><img decoding=\"async\" class=\"aligncenter wp-image-246\" src=\"https:\/\/biblioteca.blanes.cat\/salainfantil\/wp-content\/uploads\/sites\/2\/2018\/08\/BiblioBlanes_NpL_14022018-14-300x225.jpg\" alt=\"\" width=\"256\" height=\"192\" srcset=\"https:\/\/biblioteca.blanes.cat\/salainfantil\/wp-content\/uploads\/sites\/2\/2018\/08\/BiblioBlanes_NpL_14022018-14-300x225.jpg 300w, https:\/\/biblioteca.blanes.cat\/salainfantil\/wp-content\/uploads\/sites\/2\/2018\/08\/BiblioBlanes_NpL_14022018-14-768x576.jpg 768w, https:\/\/biblioteca.blanes.cat\/salainfantil\/wp-content\/uploads\/sites\/2\/2018\/08\/BiblioBlanes_NpL_14022018-14.jpg 1024w\" sizes=\"(max-width: 256px) 100vw, 256px\" \/><\/span><\/div>\n<div>\u00a0<\/div>\n<div>\u00a0<\/div>\n<div><span style=\"font-family: Lato; font-size: 20px;\">Quan arribeu a la sala us podeu adre\u00e7ar al taulell i demanar a les bibliotec\u00e0ries informaci\u00f3 sobre el programa. Podeu fer la sol\u00b7licitud per inscriure el nen@ al programa, amb el que obtindreu <span style=\"color: #7c3aab;\">el carnet i un petit obsequi<\/span> per el nou petit lector.<\/span><\/div>\n<div><span style=\"font-family: Lato; font-size: 20px;\">\u00a0<\/span><\/div>\n<div>\u00a0<\/div>\n<div>\n<div>\n<div><span style=\"font-family: Lato; font-size: 20px;\"><img decoding=\"async\" class=\"wp-image-248 aligncenter\" src=\"https:\/\/biblioteca.blanes.cat\/salainfantil\/wp-content\/uploads\/sites\/2\/2018\/08\/BiblioBlanes_NpL_cargols_11102017-30-300x225.jpg\" alt=\"\" width=\"221\" height=\"166\" srcset=\"https:\/\/biblioteca.blanes.cat\/salainfantil\/wp-content\/uploads\/sites\/2\/2018\/08\/BiblioBlanes_NpL_cargols_11102017-30-300x225.jpg 300w, https:\/\/biblioteca.blanes.cat\/salainfantil\/wp-content\/uploads\/sites\/2\/2018\/08\/BiblioBlanes_NpL_cargols_11102017-30-768x576.jpg 768w, https:\/\/biblioteca.blanes.cat\/salainfantil\/wp-content\/uploads\/sites\/2\/2018\/08\/BiblioBlanes_NpL_cargols_11102017-30.jpg 1024w\" sizes=\"(max-width: 221px) 100vw, 221px\" \/><\/span><\/div>\n<\/div>\n<\/div>\n<div>\u00a0<\/div>\n<div>\u00a0<\/div>\n<div>\u00a0<\/div>\n<div>\u00a0<\/div>\n<div style=\"text-align: left;\"><span style=\"font-family: Lato; font-size: 20px;\">Podeu fer <\/span><span style=\"font-family: Lato; font-size: 20px;\">\u00fas<\/span> <span style=\"font-family: Lato; font-size: 20px;\">del<\/span><span style=\"font-family: Lato; font-size: 20px;\">s documents del rac\u00f3 de pares i mares i de l&#8217;\u00e0rea Nascuts pe<\/span><span style=\"font-family: Lato; font-size: 20px;\">r llegir, on trobareu lectures rec<\/span><span style=\"font-family: Lato; font-size: 20px;\">omanades per tota la fam\u00edlia: des<\/span> <span style=\"font-family: Lato; font-size: 20px;\">de <span style=\"color: #7c3aab;\">llibres de coi<\/span><\/span><span style=\"font-family: Lato; font-size: 20px;\"><span style=\"color: #7c3aab;\">x\u00ed<\/span> fins a <span style=\"color: #7c3aab;\">llibres per a pares<\/span>, passant per <span style=\"color: #7c3aab;\">contes amb fulls de cartr\u00f3<\/span> i revistes.<\/span><\/div>\n<div><span style=\"font-family: Lato; font-size: 20px;\">\u00a0<\/span><\/div>\n<div style=\"text-align: center;\"><span style=\"font-family: Lato; font-size: 20px;\">Podeu demanar informaci\u00f3 sobre les properes <span style=\"text-decoration: underline;\"><strong><span style=\"color: #7c3aab; text-decoration: underline;\">ACTIVITATS<\/span><\/strong><\/span> programades. Aquestes estan adaptades als m\u00e9s menuts i a un p\u00fablic familiar. <\/span><\/div>\n<div style=\"text-align: left;\">\u00a0<\/div>\n<div style=\"text-align: center;\"><span style=\"font-family: Lato; font-size: 20px;\">Tamb\u00e9 podeu obtenir m\u00e9s informaci\u00f3 de les activitats des d&#8217;aquest bloc <\/span><\/div>\n<div style=\"text-align: center;\"><span style=\"font-family: Lato; font-size: 20px;\">i al web de la biblioteca.<\/span><\/div>\n<div>\u00a0<\/div>\n<div>\u00a0<img fetchpriority=\"high\" decoding=\"async\" class=\"aligncenter wp-image-247\" src=\"https:\/\/biblioteca.blanes.cat\/salainfantil\/wp-content\/uploads\/sites\/2\/2018\/08\/instagram-300x300.jpg\" alt=\"\" width=\"265\" height=\"265\" srcset=\"https:\/\/biblioteca.blanes.cat\/salainfantil\/wp-content\/uploads\/sites\/2\/2018\/08\/instagram-300x300.jpg 300w, https:\/\/biblioteca.blanes.cat\/salainfantil\/wp-content\/uploads\/sites\/2\/2018\/08\/instagram-150x150.jpg 150w, https:\/\/biblioteca.blanes.cat\/salainfantil\/wp-content\/uploads\/sites\/2\/2018\/08\/instagram-768x768.jpg 768w, https:\/\/biblioteca.blanes.cat\/salainfantil\/wp-content\/uploads\/sites\/2\/2018\/08\/instagram-1024x1024.jpg 1024w, https:\/\/biblioteca.blanes.cat\/salainfantil\/wp-content\/uploads\/sites\/2\/2018\/08\/instagram-270x270.jpg 270w, https:\/\/biblioteca.blanes.cat\/salainfantil\/wp-content\/uploads\/sites\/2\/2018\/08\/instagram-230x230.jpg 230w\" sizes=\"(max-width: 265px) 100vw, 265px\" \/><\/div>\n\n","protected":false},"excerpt":{"rendered":"<p>NASCUTS PER LLEGIR \u00a0 A la sala infantil tenim l&#8217;\u00e0rea Nascuts per Llegir (NPL). En aquest espai trobareu contes pels m\u00e9s menuts, on els pares podreu gaudir del primer contacte dels vostres nadons amb els llibres. \u00a0 \u00a0 \u00a0 Quan<\/p>\n","protected":false},"author":4,"featured_media":0,"parent":0,"menu_order":0,"comment_status":"closed","ping_status":"closed","template":"","meta":{"sfsi_plus_gutenberg_text_before_share":"","sfsi_plus_gutenberg_show_text_before_share":"","sfsi_plus_gutenberg_icon_type":"","sfsi_plus_gutenberg_icon_alignemt":"","sfsi_plus_gutenburg_max_per_row":"","footnotes":""},"class_list":["post-112","page","type-page","status-publish","hentry"],"yoast_head":"<!-- This site is optimized with the Yoast SEO plugin v27.5 - https:\/\/yoast.com\/product\/yoast-seo-wordpress\/ -->\n<title>Nascuts per llegir - SALA INFANTIL<\/title>\n<meta name=\"robots\" content=\"index, follow, max-snippet:-1, max-image-preview:large, max-video-preview:-1\" \/>\n<link rel=\"canonical\" href=\"https:\/\/biblioteca.blanes.cat\/salainfantil\/nascuts-per-llegir\/\" \/>\n<meta property=\"og:locale\" content=\"ca_ES\" \/>\n<meta property=\"og:type\" content=\"article\" \/>\n<meta property=\"og:title\" content=\"Nascuts per llegir - SALA INFANTIL\" \/>\n<meta property=\"og:description\" content=\"NASCUTS PER LLEGIR \u00a0 A la sala infantil tenim l&#8217;\u00e0rea Nascuts per Llegir (NPL). En aquest espai trobareu contes pels m\u00e9s menuts, on els pares podreu gaudir del primer contacte dels vostres nadons amb els llibres. \u00a0 \u00a0 \u00a0 Quan\" \/>\n<meta property=\"og:url\" content=\"https:\/\/biblioteca.blanes.cat\/salainfantil\/nascuts-per-llegir\/\" \/>\n<meta property=\"og:site_name\" content=\"SALA INFANTIL\" \/>\n<meta property=\"article:modified_time\" content=\"2022-03-29T14:10:06+00:00\" \/>\n<meta property=\"og:image\" content=\"https:\/\/biblioteca.blanes.cat\/salainfantil\/wp-content\/uploads\/sites\/2\/2018\/08\/BiblioBlanes_NpL_14022018-14-300x225.jpg\" \/>\n<meta name=\"twitter:card\" content=\"summary_large_image\" \/>\n<meta name=\"twitter:label1\" content=\"Temps estimat de lectura\" \/>\n\t<meta name=\"twitter:data1\" content=\"2 minuts\" \/>\n<script type=\"application\/ld+json\" class=\"yoast-schema-graph\">{\"@context\":\"https:\\\/\\\/schema.org\",\"@graph\":[{\"@type\":\"WebPage\",\"@id\":\"https:\\\/\\\/biblioteca.blanes.cat\\\/salainfantil\\\/nascuts-per-llegir\\\/\",\"url\":\"https:\\\/\\\/biblioteca.blanes.cat\\\/salainfantil\\\/nascuts-per-llegir\\\/\",\"name\":\"Nascuts per llegir - SALA INFANTIL\",\"isPartOf\":{\"@id\":\"https:\\\/\\\/biblioteca.blanes.cat\\\/salainfantil\\\/#website\"},\"primaryImageOfPage\":{\"@id\":\"https:\\\/\\\/biblioteca.blanes.cat\\\/salainfantil\\\/nascuts-per-llegir\\\/#primaryimage\"},\"image\":{\"@id\":\"https:\\\/\\\/biblioteca.blanes.cat\\\/salainfantil\\\/nascuts-per-llegir\\\/#primaryimage\"},\"thumbnailUrl\":\"https:\\\/\\\/biblioteca.blanes.cat\\\/salainfantil\\\/wp-content\\\/uploads\\\/sites\\\/2\\\/2018\\\/08\\\/BiblioBlanes_NpL_14022018-14-300x225.jpg\",\"datePublished\":\"2018-08-23T15:15:52+00:00\",\"dateModified\":\"2022-03-29T14:10:06+00:00\",\"breadcrumb\":{\"@id\":\"https:\\\/\\\/biblioteca.blanes.cat\\\/salainfantil\\\/nascuts-per-llegir\\\/#breadcrumb\"},\"inLanguage\":\"ca\",\"potentialAction\":[{\"@type\":\"ReadAction\",\"target\":[\"https:\\\/\\\/biblioteca.blanes.cat\\\/salainfantil\\\/nascuts-per-llegir\\\/\"]}]},{\"@type\":\"ImageObject\",\"inLanguage\":\"ca\",\"@id\":\"https:\\\/\\\/biblioteca.blanes.cat\\\/salainfantil\\\/nascuts-per-llegir\\\/#primaryimage\",\"url\":\"https:\\\/\\\/biblioteca.blanes.cat\\\/salainfantil\\\/wp-content\\\/uploads\\\/sites\\\/2\\\/2018\\\/08\\\/BiblioBlanes_NpL_14022018-14.jpg\",\"contentUrl\":\"https:\\\/\\\/biblioteca.blanes.cat\\\/salainfantil\\\/wp-content\\\/uploads\\\/sites\\\/2\\\/2018\\\/08\\\/BiblioBlanes_NpL_14022018-14.jpg\",\"width\":1024,\"height\":768},{\"@type\":\"BreadcrumbList\",\"@id\":\"https:\\\/\\\/biblioteca.blanes.cat\\\/salainfantil\\\/nascuts-per-llegir\\\/#breadcrumb\",\"itemListElement\":[{\"@type\":\"ListItem\",\"position\":1,\"name\":\"Inici\",\"item\":\"https:\\\/\\\/biblioteca.blanes.cat\\\/salainfantil\\\/\"},{\"@type\":\"ListItem\",\"position\":2,\"name\":\"Nascuts per llegir\"}]},{\"@type\":\"WebSite\",\"@id\":\"https:\\\/\\\/biblioteca.blanes.cat\\\/salainfantil\\\/#website\",\"url\":\"https:\\\/\\\/biblioteca.blanes.cat\\\/salainfantil\\\/\",\"name\":\"SALA INFANTIL\",\"description\":\"Biblioteca Roberto Bola\u00f1o\",\"potentialAction\":[{\"@type\":\"SearchAction\",\"target\":{\"@type\":\"EntryPoint\",\"urlTemplate\":\"https:\\\/\\\/biblioteca.blanes.cat\\\/salainfantil\\\/?s={search_term_string}\"},\"query-input\":{\"@type\":\"PropertyValueSpecification\",\"valueRequired\":true,\"valueName\":\"search_term_string\"}}],\"inLanguage\":\"ca\"}]}<\/script>\n<!-- \/ Yoast SEO plugin. -->","yoast_head_json":{"title":"Nascuts per llegir - SALA INFANTIL","robots":{"index":"index","follow":"follow","max-snippet":"max-snippet:-1","max-image-preview":"max-image-preview:large","max-video-preview":"max-video-preview:-1"},"canonical":"https:\/\/biblioteca.blanes.cat\/salainfantil\/nascuts-per-llegir\/","og_locale":"ca_ES","og_type":"article","og_title":"Nascuts per llegir - SALA INFANTIL","og_description":"NASCUTS PER LLEGIR \u00a0 A la sala infantil tenim l&#8217;\u00e0rea Nascuts per Llegir (NPL). En aquest espai trobareu contes pels m\u00e9s menuts, on els pares podreu gaudir del primer contacte dels vostres nadons amb els llibres. \u00a0 \u00a0 \u00a0 Quan","og_url":"https:\/\/biblioteca.blanes.cat\/salainfantil\/nascuts-per-llegir\/","og_site_name":"SALA INFANTIL","article_modified_time":"2022-03-29T14:10:06+00:00","og_image":[{"url":"https:\/\/biblioteca.blanes.cat\/salainfantil\/wp-content\/uploads\/sites\/2\/2018\/08\/BiblioBlanes_NpL_14022018-14-300x225.jpg","type":"","width":"","height":""}],"twitter_card":"summary_large_image","twitter_misc":{"Temps estimat de lectura":"2 minuts"},"schema":{"@context":"https:\/\/schema.org","@graph":[{"@type":"WebPage","@id":"https:\/\/biblioteca.blanes.cat\/salainfantil\/nascuts-per-llegir\/","url":"https:\/\/biblioteca.blanes.cat\/salainfantil\/nascuts-per-llegir\/","name":"Nascuts per llegir - SALA INFANTIL","isPartOf":{"@id":"https:\/\/biblioteca.blanes.cat\/salainfantil\/#website"},"primaryImageOfPage":{"@id":"https:\/\/biblioteca.blanes.cat\/salainfantil\/nascuts-per-llegir\/#primaryimage"},"image":{"@id":"https:\/\/biblioteca.blanes.cat\/salainfantil\/nascuts-per-llegir\/#primaryimage"},"thumbnailUrl":"https:\/\/biblioteca.blanes.cat\/salainfantil\/wp-content\/uploads\/sites\/2\/2018\/08\/BiblioBlanes_NpL_14022018-14-300x225.jpg","datePublished":"2018-08-23T15:15:52+00:00","dateModified":"2022-03-29T14:10:06+00:00","breadcrumb":{"@id":"https:\/\/biblioteca.blanes.cat\/salainfantil\/nascuts-per-llegir\/#breadcrumb"},"inLanguage":"ca","potentialAction":[{"@type":"ReadAction","target":["https:\/\/biblioteca.blanes.cat\/salainfantil\/nascuts-per-llegir\/"]}]},{"@type":"ImageObject","inLanguage":"ca","@id":"https:\/\/biblioteca.blanes.cat\/salainfantil\/nascuts-per-llegir\/#primaryimage","url":"https:\/\/biblioteca.blanes.cat\/salainfantil\/wp-content\/uploads\/sites\/2\/2018\/08\/BiblioBlanes_NpL_14022018-14.jpg","contentUrl":"https:\/\/biblioteca.blanes.cat\/salainfantil\/wp-content\/uploads\/sites\/2\/2018\/08\/BiblioBlanes_NpL_14022018-14.jpg","width":1024,"height":768},{"@type":"BreadcrumbList","@id":"https:\/\/biblioteca.blanes.cat\/salainfantil\/nascuts-per-llegir\/#breadcrumb","itemListElement":[{"@type":"ListItem","position":1,"name":"Inici","item":"https:\/\/biblioteca.blanes.cat\/salainfantil\/"},{"@type":"ListItem","position":2,"name":"Nascuts per llegir"}]},{"@type":"WebSite","@id":"https:\/\/biblioteca.blanes.cat\/salainfantil\/#website","url":"https:\/\/biblioteca.blanes.cat\/salainfantil\/","name":"SALA INFANTIL","description":"Biblioteca Roberto Bola\u00f1o","potentialAction":[{"@type":"SearchAction","target":{"@type":"EntryPoint","urlTemplate":"https:\/\/biblioteca.blanes.cat\/salainfantil\/?s={search_term_string}"},"query-input":{"@type":"PropertyValueSpecification","valueRequired":true,"valueName":"search_term_string"}}],"inLanguage":"ca"}]}},"_links":{"self":[{"href":"https:\/\/biblioteca.blanes.cat\/salainfantil\/wp-json\/wp\/v2\/pages\/112","targetHints":{"allow":["GET"]}}],"collection":[{"href":"https:\/\/biblioteca.blanes.cat\/salainfantil\/wp-json\/wp\/v2\/pages"}],"about":[{"href":"https:\/\/biblioteca.blanes.cat\/salainfantil\/wp-json\/wp\/v2\/types\/page"}],"author":[{"embeddable":true,"href":"https:\/\/biblioteca.blanes.cat\/salainfantil\/wp-json\/wp\/v2\/users\/4"}],"replies":[{"embeddable":true,"href":"https:\/\/biblioteca.blanes.cat\/salainfantil\/wp-json\/wp\/v2\/comments?post=112"}],"version-history":[{"count":25,"href":"https:\/\/biblioteca.blanes.cat\/salainfantil\/wp-json\/wp\/v2\/pages\/112\/revisions"}],"predecessor-version":[{"id":5722,"href":"https:\/\/biblioteca.blanes.cat\/salainfantil\/wp-json\/wp\/v2\/pages\/112\/revisions\/5722"}],"wp:attachment":[{"href":"https:\/\/biblioteca.blanes.cat\/salainfantil\/wp-json\/wp\/v2\/media?parent=112"}],"curies":[{"name":"wp","href":"https:\/\/api.w.org\/{rel}","templated":true}]}}