{"id":50,"date":"2020-08-12T11:24:18","date_gmt":"2020-08-12T10:24:18","guid":{"rendered":"https:\/\/biblioteca.blanes.cat\/dijousdelletresimots\/?page_id=50"},"modified":"2020-08-12T11:53:56","modified_gmt":"2020-08-12T10:53:56","slug":"diptics","status":"publish","type":"page","link":"https:\/\/biblioteca.blanes.cat\/dijousdelletresimots\/diptics\/","title":{"rendered":"D\u00edptics"},"content":{"rendered":"\n<p>Les lectures de la tert\u00falia van acompanyades d&#8217;aquests d\u00edptics que ofereixen informaci\u00f3 relacionada amb la tem\u00e0tica del llibre o l&#8217;autor.<\/p>\n\n\n\n<p>Podeu consultar els d\u00edptics anteriors al 2021, <a href=\"http:\/\/dijousdelletresimots.blogspot.com\/p\/diptics.html\">clicant aqu\u00ed<\/a> per visualitzar el blog antic.<\/p>\n","protected":false},"excerpt":{"rendered":"<p>Les lectures de la tert\u00falia van acompanyades d&#8217;aquests d\u00edptics que ofereixen informaci\u00f3 relacionada amb la tem\u00e0tica del llibre o l&#8217;autor. Podeu consultar els d\u00edptics anteriors al 2021, clicant aqu\u00ed per visualitzar el blog antic.<\/p>\n","protected":false},"author":4,"featured_media":0,"parent":0,"menu_order":0,"comment_status":"closed","ping_status":"closed","template":"","meta":{"sfsi_plus_gutenberg_text_before_share":"","sfsi_plus_gutenberg_show_text_before_share":"","sfsi_plus_gutenberg_icon_type":"","sfsi_plus_gutenberg_icon_alignemt":"","sfsi_plus_gutenburg_max_per_row":"","footnotes":""},"class_list":["post-50","page","type-page","status-publish","hentry"],"yoast_head":"<!-- This site is optimized with the Yoast SEO plugin v27.5 - https:\/\/yoast.com\/product\/yoast-seo-wordpress\/ -->\n<title>D\u00edptics - Dijous de Lletres i Mots<\/title>\n<meta name=\"robots\" content=\"index, follow, max-snippet:-1, max-image-preview:large, max-video-preview:-1\" \/>\n<link rel=\"canonical\" href=\"https:\/\/biblioteca.blanes.cat\/dijousdelletresimots\/diptics\/\" \/>\n<meta property=\"og:locale\" content=\"ca_ES\" \/>\n<meta property=\"og:type\" content=\"article\" \/>\n<meta property=\"og:title\" content=\"D\u00edptics - Dijous de Lletres i Mots\" \/>\n<meta property=\"og:description\" content=\"Les lectures de la tert\u00falia van acompanyades d&#8217;aquests d\u00edptics que ofereixen informaci\u00f3 relacionada amb la tem\u00e0tica del llibre o l&#8217;autor. Podeu consultar els d\u00edptics anteriors al 2021, clicant aqu\u00ed per visualitzar el blog antic.\" \/>\n<meta property=\"og:url\" content=\"https:\/\/biblioteca.blanes.cat\/dijousdelletresimots\/diptics\/\" \/>\n<meta property=\"og:site_name\" content=\"Dijous de Lletres i Mots\" \/>\n<meta property=\"article:modified_time\" content=\"2020-08-12T10:53:56+00:00\" \/>\n<meta name=\"twitter:card\" content=\"summary_large_image\" \/>\n<script type=\"application\/ld+json\" class=\"yoast-schema-graph\">{\"@context\":\"https:\\\/\\\/schema.org\",\"@graph\":[{\"@type\":\"WebPage\",\"@id\":\"https:\\\/\\\/biblioteca.blanes.cat\\\/dijousdelletresimots\\\/diptics\\\/\",\"url\":\"https:\\\/\\\/biblioteca.blanes.cat\\\/dijousdelletresimots\\\/diptics\\\/\",\"name\":\"D\u00edptics - Dijous de Lletres i Mots\",\"isPartOf\":{\"@id\":\"https:\\\/\\\/biblioteca.blanes.cat\\\/dijousdelletresimots\\\/#website\"},\"datePublished\":\"2020-08-12T10:24:18+00:00\",\"dateModified\":\"2020-08-12T10:53:56+00:00\",\"breadcrumb\":{\"@id\":\"https:\\\/\\\/biblioteca.blanes.cat\\\/dijousdelletresimots\\\/diptics\\\/#breadcrumb\"},\"inLanguage\":\"ca\",\"potentialAction\":[{\"@type\":\"ReadAction\",\"target\":[\"https:\\\/\\\/biblioteca.blanes.cat\\\/dijousdelletresimots\\\/diptics\\\/\"]}]},{\"@type\":\"BreadcrumbList\",\"@id\":\"https:\\\/\\\/biblioteca.blanes.cat\\\/dijousdelletresimots\\\/diptics\\\/#breadcrumb\",\"itemListElement\":[{\"@type\":\"ListItem\",\"position\":1,\"name\":\"Inici\",\"item\":\"https:\\\/\\\/biblioteca.blanes.cat\\\/dijousdelletresimots\\\/\"},{\"@type\":\"ListItem\",\"position\":2,\"name\":\"D\u00edptics\"}]},{\"@type\":\"WebSite\",\"@id\":\"https:\\\/\\\/biblioteca.blanes.cat\\\/dijousdelletresimots\\\/#website\",\"url\":\"https:\\\/\\\/biblioteca.blanes.cat\\\/dijousdelletresimots\\\/\",\"name\":\"Dijous de Lletres i Mots\",\"description\":\"\",\"potentialAction\":[{\"@type\":\"SearchAction\",\"target\":{\"@type\":\"EntryPoint\",\"urlTemplate\":\"https:\\\/\\\/biblioteca.blanes.cat\\\/dijousdelletresimots\\\/?s={search_term_string}\"},\"query-input\":{\"@type\":\"PropertyValueSpecification\",\"valueRequired\":true,\"valueName\":\"search_term_string\"}}],\"inLanguage\":\"ca\"}]}<\/script>\n<!-- \/ Yoast SEO plugin. -->","yoast_head_json":{"title":"D\u00edptics - Dijous de Lletres i Mots","robots":{"index":"index","follow":"follow","max-snippet":"max-snippet:-1","max-image-preview":"max-image-preview:large","max-video-preview":"max-video-preview:-1"},"canonical":"https:\/\/biblioteca.blanes.cat\/dijousdelletresimots\/diptics\/","og_locale":"ca_ES","og_type":"article","og_title":"D\u00edptics - Dijous de Lletres i Mots","og_description":"Les lectures de la tert\u00falia van acompanyades d&#8217;aquests d\u00edptics que ofereixen informaci\u00f3 relacionada amb la tem\u00e0tica del llibre o l&#8217;autor. Podeu consultar els d\u00edptics anteriors al 2021, clicant aqu\u00ed per visualitzar el blog antic.","og_url":"https:\/\/biblioteca.blanes.cat\/dijousdelletresimots\/diptics\/","og_site_name":"Dijous de Lletres i Mots","article_modified_time":"2020-08-12T10:53:56+00:00","twitter_card":"summary_large_image","schema":{"@context":"https:\/\/schema.org","@graph":[{"@type":"WebPage","@id":"https:\/\/biblioteca.blanes.cat\/dijousdelletresimots\/diptics\/","url":"https:\/\/biblioteca.blanes.cat\/dijousdelletresimots\/diptics\/","name":"D\u00edptics - Dijous de Lletres i Mots","isPartOf":{"@id":"https:\/\/biblioteca.blanes.cat\/dijousdelletresimots\/#website"},"datePublished":"2020-08-12T10:24:18+00:00","dateModified":"2020-08-12T10:53:56+00:00","breadcrumb":{"@id":"https:\/\/biblioteca.blanes.cat\/dijousdelletresimots\/diptics\/#breadcrumb"},"inLanguage":"ca","potentialAction":[{"@type":"ReadAction","target":["https:\/\/biblioteca.blanes.cat\/dijousdelletresimots\/diptics\/"]}]},{"@type":"BreadcrumbList","@id":"https:\/\/biblioteca.blanes.cat\/dijousdelletresimots\/diptics\/#breadcrumb","itemListElement":[{"@type":"ListItem","position":1,"name":"Inici","item":"https:\/\/biblioteca.blanes.cat\/dijousdelletresimots\/"},{"@type":"ListItem","position":2,"name":"D\u00edptics"}]},{"@type":"WebSite","@id":"https:\/\/biblioteca.blanes.cat\/dijousdelletresimots\/#website","url":"https:\/\/biblioteca.blanes.cat\/dijousdelletresimots\/","name":"Dijous de Lletres i Mots","description":"","potentialAction":[{"@type":"SearchAction","target":{"@type":"EntryPoint","urlTemplate":"https:\/\/biblioteca.blanes.cat\/dijousdelletresimots\/?s={search_term_string}"},"query-input":{"@type":"PropertyValueSpecification","valueRequired":true,"valueName":"search_term_string"}}],"inLanguage":"ca"}]}},"_links":{"self":[{"href":"https:\/\/biblioteca.blanes.cat\/dijousdelletresimots\/wp-json\/wp\/v2\/pages\/50","targetHints":{"allow":["GET"]}}],"collection":[{"href":"https:\/\/biblioteca.blanes.cat\/dijousdelletresimots\/wp-json\/wp\/v2\/pages"}],"about":[{"href":"https:\/\/biblioteca.blanes.cat\/dijousdelletresimots\/wp-json\/wp\/v2\/types\/page"}],"author":[{"embeddable":true,"href":"https:\/\/biblioteca.blanes.cat\/dijousdelletresimots\/wp-json\/wp\/v2\/users\/4"}],"replies":[{"embeddable":true,"href":"https:\/\/biblioteca.blanes.cat\/dijousdelletresimots\/wp-json\/wp\/v2\/comments?post=50"}],"version-history":[{"count":2,"href":"https:\/\/biblioteca.blanes.cat\/dijousdelletresimots\/wp-json\/wp\/v2\/pages\/50\/revisions"}],"predecessor-version":[{"id":65,"href":"https:\/\/biblioteca.blanes.cat\/dijousdelletresimots\/wp-json\/wp\/v2\/pages\/50\/revisions\/65"}],"wp:attachment":[{"href":"https:\/\/biblioteca.blanes.cat\/dijousdelletresimots\/wp-json\/wp\/v2\/media?parent=50"}],"curies":[{"name":"wp","href":"https:\/\/api.w.org\/{rel}","templated":true}]}}