{"id":48,"date":"2020-08-12T11:22:50","date_gmt":"2020-08-12T10:22:50","guid":{"rendered":"https:\/\/biblioteca.blanes.cat\/dijousdelletresimots\/?page_id=48"},"modified":"2024-12-11T15:08:21","modified_gmt":"2024-12-11T14:08:21","slug":"properes-lectures","status":"publish","type":"page","link":"https:\/\/biblioteca.blanes.cat\/dijousdelletresimots\/properes-lectures\/","title":{"rendered":"Properes lectures"},"content":{"rendered":"<p>Les lectures que comentarem al llarg del 2025 a la tert\u00falia de <strong>Dijous de Lletres i Mots<\/strong> s\u00f3n les seg\u00fcents:<\/p>\n<p>\u00a0<\/p>\n<p>\u00a0<\/p>\n<p>\u00a0<\/p>\n\n\n<div data-wp-interactive=\"core\/file\" class=\"wp-block-file\"><object data-wp-bind--hidden=\"!state.hasPdfPreview\" hidden class=\"wp-block-file__embed\" data=\"https:\/\/biblioteca.blanes.cat\/dijousdelletresimots\/wp-content\/uploads\/sites\/4\/2024\/12\/Guia-tertulia-2025-1.pdf\" type=\"application\/pdf\" style=\"width:100%;height:600px\" aria-label=\"Incrustaci\u00f3 del fitxer Guia tert\u00falia 2025.\"><\/object><a id=\"wp-block-file--media-6fae3bc8-50a5-4106-a215-971e57d540ea\" href=\"https:\/\/biblioteca.blanes.cat\/dijousdelletresimots\/wp-content\/uploads\/sites\/4\/2024\/12\/Guia-tertulia-2025-1.pdf\">Guia tert\u00falia 2025<\/a><a href=\"https:\/\/biblioteca.blanes.cat\/dijousdelletresimots\/wp-content\/uploads\/sites\/4\/2024\/12\/Guia-tertulia-2025-1.pdf\" class=\"wp-block-file__button wp-element-button\" download aria-describedby=\"wp-block-file--media-6fae3bc8-50a5-4106-a215-971e57d540ea\">Baixa<\/a><\/div>\n\n\n\n\n\n<h4>\u00a0\u00a0<\/h4>\n","protected":false},"excerpt":{"rendered":"<p>Les lectures que comentarem al llarg del 2025 a la tert\u00falia de Dijous de Lletres i Mots s\u00f3n les seg\u00fcents: \u00a0 \u00a0 \u00a0 \u00a0\u00a0<\/p>\n","protected":false},"author":4,"featured_media":0,"parent":0,"menu_order":0,"comment_status":"closed","ping_status":"closed","template":"","meta":{"sfsi_plus_gutenberg_text_before_share":"","sfsi_plus_gutenberg_show_text_before_share":"","sfsi_plus_gutenberg_icon_type":"","sfsi_plus_gutenberg_icon_alignemt":"","sfsi_plus_gutenburg_max_per_row":"","footnotes":""},"class_list":["post-48","page","type-page","status-publish","hentry"],"yoast_head":"<!-- This site is optimized with the Yoast SEO plugin v27.5 - https:\/\/yoast.com\/product\/yoast-seo-wordpress\/ -->\n<title>Properes lectures - Dijous de Lletres i Mots<\/title>\n<meta name=\"robots\" content=\"index, follow, max-snippet:-1, max-image-preview:large, max-video-preview:-1\" \/>\n<link rel=\"canonical\" href=\"https:\/\/biblioteca.blanes.cat\/dijousdelletresimots\/properes-lectures\/\" \/>\n<meta property=\"og:locale\" content=\"ca_ES\" \/>\n<meta property=\"og:type\" content=\"article\" \/>\n<meta property=\"og:title\" content=\"Properes lectures - Dijous de Lletres i Mots\" \/>\n<meta property=\"og:description\" content=\"Les lectures que comentarem al llarg del 2025 a la tert\u00falia de Dijous de Lletres i Mots s\u00f3n les seg\u00fcents: \u00a0 \u00a0 \u00a0 \u00a0\u00a0\" \/>\n<meta property=\"og:url\" content=\"https:\/\/biblioteca.blanes.cat\/dijousdelletresimots\/properes-lectures\/\" \/>\n<meta property=\"og:site_name\" content=\"Dijous de Lletres i Mots\" \/>\n<meta property=\"article:modified_time\" content=\"2024-12-11T14:08:21+00:00\" \/>\n<meta name=\"twitter:card\" content=\"summary_large_image\" \/>\n<meta name=\"twitter:label1\" content=\"Temps estimat de lectura\" \/>\n\t<meta name=\"twitter:data1\" content=\"1 minut\" \/>\n<script type=\"application\/ld+json\" class=\"yoast-schema-graph\">{\"@context\":\"https:\\\/\\\/schema.org\",\"@graph\":[{\"@type\":\"WebPage\",\"@id\":\"https:\\\/\\\/biblioteca.blanes.cat\\\/dijousdelletresimots\\\/properes-lectures\\\/\",\"url\":\"https:\\\/\\\/biblioteca.blanes.cat\\\/dijousdelletresimots\\\/properes-lectures\\\/\",\"name\":\"Properes lectures - Dijous de Lletres i Mots\",\"isPartOf\":{\"@id\":\"https:\\\/\\\/biblioteca.blanes.cat\\\/dijousdelletresimots\\\/#website\"},\"datePublished\":\"2020-08-12T10:22:50+00:00\",\"dateModified\":\"2024-12-11T14:08:21+00:00\",\"breadcrumb\":{\"@id\":\"https:\\\/\\\/biblioteca.blanes.cat\\\/dijousdelletresimots\\\/properes-lectures\\\/#breadcrumb\"},\"inLanguage\":\"ca\",\"potentialAction\":[{\"@type\":\"ReadAction\",\"target\":[\"https:\\\/\\\/biblioteca.blanes.cat\\\/dijousdelletresimots\\\/properes-lectures\\\/\"]}]},{\"@type\":\"BreadcrumbList\",\"@id\":\"https:\\\/\\\/biblioteca.blanes.cat\\\/dijousdelletresimots\\\/properes-lectures\\\/#breadcrumb\",\"itemListElement\":[{\"@type\":\"ListItem\",\"position\":1,\"name\":\"Inici\",\"item\":\"https:\\\/\\\/biblioteca.blanes.cat\\\/dijousdelletresimots\\\/\"},{\"@type\":\"ListItem\",\"position\":2,\"name\":\"Properes lectures\"}]},{\"@type\":\"WebSite\",\"@id\":\"https:\\\/\\\/biblioteca.blanes.cat\\\/dijousdelletresimots\\\/#website\",\"url\":\"https:\\\/\\\/biblioteca.blanes.cat\\\/dijousdelletresimots\\\/\",\"name\":\"Dijous de Lletres i Mots\",\"description\":\"\",\"potentialAction\":[{\"@type\":\"SearchAction\",\"target\":{\"@type\":\"EntryPoint\",\"urlTemplate\":\"https:\\\/\\\/biblioteca.blanes.cat\\\/dijousdelletresimots\\\/?s={search_term_string}\"},\"query-input\":{\"@type\":\"PropertyValueSpecification\",\"valueRequired\":true,\"valueName\":\"search_term_string\"}}],\"inLanguage\":\"ca\"}]}<\/script>\n<!-- \/ Yoast SEO plugin. -->","yoast_head_json":{"title":"Properes lectures - Dijous de Lletres i Mots","robots":{"index":"index","follow":"follow","max-snippet":"max-snippet:-1","max-image-preview":"max-image-preview:large","max-video-preview":"max-video-preview:-1"},"canonical":"https:\/\/biblioteca.blanes.cat\/dijousdelletresimots\/properes-lectures\/","og_locale":"ca_ES","og_type":"article","og_title":"Properes lectures - Dijous de Lletres i Mots","og_description":"Les lectures que comentarem al llarg del 2025 a la tert\u00falia de Dijous de Lletres i Mots s\u00f3n les seg\u00fcents: \u00a0 \u00a0 \u00a0 \u00a0\u00a0","og_url":"https:\/\/biblioteca.blanes.cat\/dijousdelletresimots\/properes-lectures\/","og_site_name":"Dijous de Lletres i Mots","article_modified_time":"2024-12-11T14:08:21+00:00","twitter_card":"summary_large_image","twitter_misc":{"Temps estimat de lectura":"1 minut"},"schema":{"@context":"https:\/\/schema.org","@graph":[{"@type":"WebPage","@id":"https:\/\/biblioteca.blanes.cat\/dijousdelletresimots\/properes-lectures\/","url":"https:\/\/biblioteca.blanes.cat\/dijousdelletresimots\/properes-lectures\/","name":"Properes lectures - Dijous de Lletres i Mots","isPartOf":{"@id":"https:\/\/biblioteca.blanes.cat\/dijousdelletresimots\/#website"},"datePublished":"2020-08-12T10:22:50+00:00","dateModified":"2024-12-11T14:08:21+00:00","breadcrumb":{"@id":"https:\/\/biblioteca.blanes.cat\/dijousdelletresimots\/properes-lectures\/#breadcrumb"},"inLanguage":"ca","potentialAction":[{"@type":"ReadAction","target":["https:\/\/biblioteca.blanes.cat\/dijousdelletresimots\/properes-lectures\/"]}]},{"@type":"BreadcrumbList","@id":"https:\/\/biblioteca.blanes.cat\/dijousdelletresimots\/properes-lectures\/#breadcrumb","itemListElement":[{"@type":"ListItem","position":1,"name":"Inici","item":"https:\/\/biblioteca.blanes.cat\/dijousdelletresimots\/"},{"@type":"ListItem","position":2,"name":"Properes lectures"}]},{"@type":"WebSite","@id":"https:\/\/biblioteca.blanes.cat\/dijousdelletresimots\/#website","url":"https:\/\/biblioteca.blanes.cat\/dijousdelletresimots\/","name":"Dijous de Lletres i Mots","description":"","potentialAction":[{"@type":"SearchAction","target":{"@type":"EntryPoint","urlTemplate":"https:\/\/biblioteca.blanes.cat\/dijousdelletresimots\/?s={search_term_string}"},"query-input":{"@type":"PropertyValueSpecification","valueRequired":true,"valueName":"search_term_string"}}],"inLanguage":"ca"}]}},"_links":{"self":[{"href":"https:\/\/biblioteca.blanes.cat\/dijousdelletresimots\/wp-json\/wp\/v2\/pages\/48","targetHints":{"allow":["GET"]}}],"collection":[{"href":"https:\/\/biblioteca.blanes.cat\/dijousdelletresimots\/wp-json\/wp\/v2\/pages"}],"about":[{"href":"https:\/\/biblioteca.blanes.cat\/dijousdelletresimots\/wp-json\/wp\/v2\/types\/page"}],"author":[{"embeddable":true,"href":"https:\/\/biblioteca.blanes.cat\/dijousdelletresimots\/wp-json\/wp\/v2\/users\/4"}],"replies":[{"embeddable":true,"href":"https:\/\/biblioteca.blanes.cat\/dijousdelletresimots\/wp-json\/wp\/v2\/comments?post=48"}],"version-history":[{"count":67,"href":"https:\/\/biblioteca.blanes.cat\/dijousdelletresimots\/wp-json\/wp\/v2\/pages\/48\/revisions"}],"predecessor-version":[{"id":656,"href":"https:\/\/biblioteca.blanes.cat\/dijousdelletresimots\/wp-json\/wp\/v2\/pages\/48\/revisions\/656"}],"wp:attachment":[{"href":"https:\/\/biblioteca.blanes.cat\/dijousdelletresimots\/wp-json\/wp\/v2\/media?parent=48"}],"curies":[{"name":"wp","href":"https:\/\/api.w.org\/{rel}","templated":true}]}}